{"id":22301,"date":"2025-07-22T19:56:09","date_gmt":"2025-07-22T17:56:09","guid":{"rendered":"https:\/\/uj.adatbank.ro\/lexikon\/termek\/szilagyi-janos-3\/"},"modified":"2025-07-22T19:56:09","modified_gmt":"2025-07-22T17:56:09","slug":"szilagyi-janos-3","status":"publish","type":"product","link":"https:\/\/uj.adatbank.ro\/lexikon\/termek\/szilagyi-janos-3\/","title":{"rendered":"SZIL\u00c1GYI J\u00e1nos"},"content":{"rendered":"<p>1886., \u2020\u00a01958: ref. lelk\u00e9sz. \u2013D\u00e9sen \u00e9retts\u00e9gizett. Az egyetemen t\u00f6rt\u00e9nelem-f\u00f6ldrajzszakon tanult \u00e9s elv\u00e9gezte a teol\u00f3gi\u00e1t.Seg\u00e9dlelk\u00e9sz Fel\u0151rben \u00e9s Csittszentiv\u00e1nyon. Sz\u00e9kelyb\u0151ben megv\u00e1lasztott lelk\u00e9sz (1912\u201314). Vadasdon (1915\u201321), B\u00faz\u00e1n (1921\u2013), Bacza gy\u00fclekezet\u00e9ben (1928\u20131932-ig). Nyugd\u00edjas (1948\u2013). Belmisszi\u00f3i \u00e9s tan\u00fcgyi el\u0151ad\u00f3 a Sz\u00e9ki egyh\u00e1zmegy\u00e9ben. <br \/><strong>Irod.:<\/strong> Cs\u00e1ky, Papp\u2013Szente; Ref. egyetemes n\u00e9vt\u00e1r, Vadasdi kr\u00f3nika.<\/br><\/p>\n","protected":false},"excerpt":{"rendered":"<p>1886., \u2020\u00a01958: ref. lelk\u00e9sz. \u2013D\u00e9sen \u00e9retts\u00e9gizett. Az egyetemen t\u00f6rt\u00e9nelem-f\u00f6ldrajzszakon tanult \u00e9s elv\u00e9gezte a teol\u00f3gi\u00e1t.Seg\u00e9dlelk\u00e9sz Fel\u0151rben \u00e9s Csittszentiv\u00e1nyon. Sz\u00e9kelyb\u0151ben megv\u00e1lasztott lelk\u00e9sz (1912\u201314). Vadasdon (1915\u201321), B\u00faz\u00e1n (1921\u2013), Bacza gy\u00fclekezet\u00e9ben (1928\u20131932-ig). Nyugd\u00edjas (1948\u2013). Belmisszi\u00f3i \u00e9s tan\u00fcgyi el\u0151ad\u00f3 a Sz\u00e9ki egyh\u00e1zmegy\u00e9ben. Irod.: Cs\u00e1ky, Papp\u2013Szente; Ref. egyetemes n\u00e9vt\u00e1r, Vadasdi kr\u00f3nika.<\/p>\n","protected":false},"featured_media":0,"comment_status":"open","ping_status":"closed","template":"","meta":[],"product_brand":[],"product_cat":[137],"product_tag":[],"class_list":{"0":"post-22301","1":"product","2":"type-product","3":"status-publish","5":"product_cat-maros-megyei-eletrajzi-lexikon","7":"first","8":"instock","9":"shipping-taxable","10":"product-type-simple"},"_links":{"self":[{"href":"https:\/\/uj.adatbank.ro\/lexikon\/wp-json\/wp\/v2\/product\/22301","targetHints":{"allow":["GET"]}}],"collection":[{"href":"https:\/\/uj.adatbank.ro\/lexikon\/wp-json\/wp\/v2\/product"}],"about":[{"href":"https:\/\/uj.adatbank.ro\/lexikon\/wp-json\/wp\/v2\/types\/product"}],"replies":[{"embeddable":true,"href":"https:\/\/uj.adatbank.ro\/lexikon\/wp-json\/wp\/v2\/comments?post=22301"}],"wp:attachment":[{"href":"https:\/\/uj.adatbank.ro\/lexikon\/wp-json\/wp\/v2\/media?parent=22301"}],"wp:term":[{"taxonomy":"product_brand","embeddable":true,"href":"https:\/\/uj.adatbank.ro\/lexikon\/wp-json\/wp\/v2\/product_brand?post=22301"},{"taxonomy":"product_cat","embeddable":true,"href":"https:\/\/uj.adatbank.ro\/lexikon\/wp-json\/wp\/v2\/product_cat?post=22301"},{"taxonomy":"product_tag","embeddable":true,"href":"https:\/\/uj.adatbank.ro\/lexikon\/wp-json\/wp\/v2\/product_tag?post=22301"}],"curies":[{"name":"wp","href":"https:\/\/api.w.org\/{rel}","templated":true}]}}