{"id":22302,"date":"2025-07-22T19:56:14","date_gmt":"2025-07-22T17:56:14","guid":{"rendered":"https:\/\/uj.adatbank.ro\/lexikon\/termek\/szilagyi-janos-akosfalvi\/"},"modified":"2025-07-22T19:56:14","modified_gmt":"2025-07-22T17:56:14","slug":"szilagyi-janos-akosfalvi","status":"publish","type":"product","link":"https:\/\/uj.adatbank.ro\/lexikon\/termek\/szilagyi-janos-akosfalvi\/","title":{"rendered":"SZIL\u00c1GYI J\u00e1nos, \u00e1kosfalvi"},"content":{"rendered":"<p>1674 \u2020\u00a01733: alkir\u00e1lyb\u00edr\u00f3. \u2013 Marossz\u00e9ki alkir\u00e1lyb\u00edr\u00f3, (1710\u201321); kir. f\u0151p\u00e9nzt\u00e1rnok (1721), aki k\u00fcld\u00f6tt volt a mv.-i kongreg\u00e1ci\u00f3n (1718. m\u00e1j. 23) \u00e9s ugyanez \u00e9vben makfalvi D\u00f3sa \u00c1brah\u00e1mmal egy\u00fctt azon f\u00e1radozott, hogy a ref. koll. \u00e9p\u00fclete elk\u00e9sz\u00fclj\u00f6n. E v\u00e9gb\u0151l k\u00f6rlevelekkel ind\u00edtott\u00e1k a szomsz\u00e9dos k\u00f6zs\u00e9gekbe k\u00e9rve \u00e9p\u00fcletnek val\u00f3 fahord\u00e1sra. R\u00e9szt vett Mv. v\u00e1ros tiszt\u00faj\u00edt\u00f3 gy\u0171l\u00e9s\u00e9n (1731. okt. 27) \u00e9s ugyanez \u00e9vben a ref. koll. algondnok\u00e1nak v\u00e1lasztott\u00e1k meg. <br \/><strong>Irod.:<\/strong> Kempelen; Koncz; Kr\u00f3n F\u00fcz. (1940. 4\/10); M. t\u00f6rt. \u00e9vk. napl\u00f3k; Nagy Iv\u00e1n; P\u00e1lma; Sepsisz\u00e9ki.<\/br><\/p>\n","protected":false},"excerpt":{"rendered":"<p>1674 \u2020\u00a01733: alkir\u00e1lyb\u00edr\u00f3. \u2013 Marossz\u00e9ki alkir\u00e1lyb\u00edr\u00f3, (1710\u201321); kir. f\u0151p\u00e9nzt\u00e1rnok (1721), aki k\u00fcld\u00f6tt volt a mv.-i kongreg\u00e1ci\u00f3n (1718. m\u00e1j. 23) \u00e9s ugyanez \u00e9vben makfalvi D\u00f3sa \u00c1brah\u00e1mmal egy\u00fctt azon f\u00e1radozott, hogy a ref. koll. \u00e9p\u00fclete elk\u00e9sz\u00fclj\u00f6n. E v\u00e9gb\u0151l k\u00f6rlevelekkel ind\u00edtott\u00e1k a szomsz\u00e9dos k\u00f6zs\u00e9gekbe k\u00e9rve \u00e9p\u00fcletnek val\u00f3 fahord\u00e1sra. R\u00e9szt vett Mv. v\u00e1ros tiszt\u00faj\u00edt\u00f3 gy\u0171l\u00e9s\u00e9n (1731. okt. 27) \u00e9s [&hellip;]<\/p>\n","protected":false},"featured_media":0,"comment_status":"open","ping_status":"closed","template":"","meta":[],"product_brand":[],"product_cat":[137],"product_tag":[],"class_list":{"0":"post-22302","1":"product","2":"type-product","3":"status-publish","5":"product_cat-maros-megyei-eletrajzi-lexikon","7":"first","8":"instock","9":"shipping-taxable","10":"product-type-simple"},"_links":{"self":[{"href":"https:\/\/uj.adatbank.ro\/lexikon\/wp-json\/wp\/v2\/product\/22302","targetHints":{"allow":["GET"]}}],"collection":[{"href":"https:\/\/uj.adatbank.ro\/lexikon\/wp-json\/wp\/v2\/product"}],"about":[{"href":"https:\/\/uj.adatbank.ro\/lexikon\/wp-json\/wp\/v2\/types\/product"}],"replies":[{"embeddable":true,"href":"https:\/\/uj.adatbank.ro\/lexikon\/wp-json\/wp\/v2\/comments?post=22302"}],"wp:attachment":[{"href":"https:\/\/uj.adatbank.ro\/lexikon\/wp-json\/wp\/v2\/media?parent=22302"}],"wp:term":[{"taxonomy":"product_brand","embeddable":true,"href":"https:\/\/uj.adatbank.ro\/lexikon\/wp-json\/wp\/v2\/product_brand?post=22302"},{"taxonomy":"product_cat","embeddable":true,"href":"https:\/\/uj.adatbank.ro\/lexikon\/wp-json\/wp\/v2\/product_cat?post=22302"},{"taxonomy":"product_tag","embeddable":true,"href":"https:\/\/uj.adatbank.ro\/lexikon\/wp-json\/wp\/v2\/product_tag?post=22302"}],"curies":[{"name":"wp","href":"https:\/\/api.w.org\/{rel}","templated":true}]}}