{"id":22303,"date":"2025-07-22T19:56:15","date_gmt":"2025-07-22T17:56:15","guid":{"rendered":"https:\/\/uj.adatbank.ro\/lexikon\/termek\/szilagyi-janos-akosfalvi-2\/"},"modified":"2025-07-22T19:56:15","modified_gmt":"2025-07-22T17:56:15","slug":"szilagyi-janos-akosfalvi-2","status":"publish","type":"product","link":"https:\/\/uj.adatbank.ro\/lexikon\/termek\/szilagyi-janos-akosfalvi-2\/","title":{"rendered":"SZIL\u00c1GYI J\u00e1nos, \u00e1kosfalvi"},"content":{"rendered":"<p>? \u2020\u00a01777: marossz\u00e9ki \u00fcln\u00f6k. f\u0151p\u00e9nzt\u00e1rnok. \u2013 Marossz\u00e9k f\u0151p\u00e9nzt\u00e1rnoka (1752), sz\u00e1mfeletti \u00fcln\u00f6k a kir. t\u00e1bl\u00e1n\u00e1l (1763). <br \/><strong>Irod.:<\/strong> Kempelen; Nagy Iv\u00e1n; P\u00e1l-Antal 2002; P\u00e1l-Antal 2006.<\/br><\/p>\n","protected":false},"excerpt":{"rendered":"<p>? \u2020\u00a01777: marossz\u00e9ki \u00fcln\u00f6k. f\u0151p\u00e9nzt\u00e1rnok. \u2013 Marossz\u00e9k f\u0151p\u00e9nzt\u00e1rnoka (1752), sz\u00e1mfeletti \u00fcln\u00f6k a kir. t\u00e1bl\u00e1n\u00e1l (1763). Irod.: Kempelen; Nagy Iv\u00e1n; P\u00e1l-Antal 2002; P\u00e1l-Antal 2006.<\/p>\n","protected":false},"featured_media":0,"comment_status":"open","ping_status":"closed","template":"","meta":[],"product_brand":[],"product_cat":[137],"product_tag":[],"class_list":{"0":"post-22303","1":"product","2":"type-product","3":"status-publish","5":"product_cat-maros-megyei-eletrajzi-lexikon","7":"first","8":"instock","9":"shipping-taxable","10":"product-type-simple"},"_links":{"self":[{"href":"https:\/\/uj.adatbank.ro\/lexikon\/wp-json\/wp\/v2\/product\/22303","targetHints":{"allow":["GET"]}}],"collection":[{"href":"https:\/\/uj.adatbank.ro\/lexikon\/wp-json\/wp\/v2\/product"}],"about":[{"href":"https:\/\/uj.adatbank.ro\/lexikon\/wp-json\/wp\/v2\/types\/product"}],"replies":[{"embeddable":true,"href":"https:\/\/uj.adatbank.ro\/lexikon\/wp-json\/wp\/v2\/comments?post=22303"}],"wp:attachment":[{"href":"https:\/\/uj.adatbank.ro\/lexikon\/wp-json\/wp\/v2\/media?parent=22303"}],"wp:term":[{"taxonomy":"product_brand","embeddable":true,"href":"https:\/\/uj.adatbank.ro\/lexikon\/wp-json\/wp\/v2\/product_brand?post=22303"},{"taxonomy":"product_cat","embeddable":true,"href":"https:\/\/uj.adatbank.ro\/lexikon\/wp-json\/wp\/v2\/product_cat?post=22303"},{"taxonomy":"product_tag","embeddable":true,"href":"https:\/\/uj.adatbank.ro\/lexikon\/wp-json\/wp\/v2\/product_tag?post=22303"}],"curies":[{"name":"wp","href":"https:\/\/api.w.org\/{rel}","templated":true}]}}