{"id":22305,"date":"2025-07-22T19:56:18","date_gmt":"2025-07-22T17:56:18","guid":{"rendered":"https:\/\/uj.adatbank.ro\/lexikon\/termek\/szilagyi-janos-%c2%a7-szilagyi-ioan\/"},"modified":"2025-07-22T19:56:18","modified_gmt":"2025-07-22T17:56:18","slug":"szilagyi-janos-%c2%a7-szilagyi-ioan","status":"publish","type":"product","link":"https:\/\/uj.adatbank.ro\/lexikon\/termek\/szilagyi-janos-%c2%a7-szilagyi-ioan\/","title":{"rendered":"SZIL\u00c1GYI J\u00e1nos, \u00a7 Szil\u00e1gyi Ioan"},"content":{"rendered":"<p>Csombord, 1866. okt. 6., \u2020 Mv., 1962. \u00e1pr. 1.: orvos, tisztiorvos, a t\u00fcd\u0151gondoz\u00f3 vezet\u0151je. \u2013 Feles\u00e9ge: Ferencz Gizella (1871? \u2013 Balatonf\u00fcred, 1928. okt. 1. Mv.-en temett\u00e9k okt. 4.). Ferencz Mih\u00e1ly Zsigmond dr., Ferencz Anna \u00e9s dr. Cs\u00edki L\u00e1szl\u00f3 testv\u00e9re. \u2013 Sz\u00e1szv\u00e1roson v\u00e9gezte a Kun Kocs\u00e1rd Koll.-ot, majd orvosi diplom\u00e1t szerzett. A XX. sz. elej\u00e9n ker\u00fclt Mv.-re, a T\u00fcd\u0151 K\u00f3rh\u00e1zban f\u0151orvos lett (1906\u201308). Az I. vh. idej\u00e9n a mv.-i f\u0151gimn\u00e1zium k\u00f3rh\u00e1z\u00e1ban az orvosi teend\u0151ket l\u00e1tta el. Hamar \u00e9szrevette, hogy itt t\u00f6bb \u00e1ldozatot szed a t\u00fcd\u0151baj mint m\u00e1shol \u00e9s \u00e9lete c\u00e9lj\u00e1nak tekintette az ellene val\u00f3 harcot. Dolgozatot \u00edrt a tuberkul\u00f3zisr\u00f3l vagy g\u00fcm\u0151korr\u00f3l vagy sz\u00e1razbetegs\u00e9gr\u0151l ahogy akkor nevezt\u00e9k (1906) \u00e9s felolvasta a mv.-i Sz\u00f6vetkezeti T\u00e1rsask\u00f6r gy\u0171l\u00e9s\u00e9n. Megszervezte a t\u00fcd\u0151baj elleni v\u00e9dekez\u0151 egyes\u00fcletet, melynek \u0151 volt a titk\u00e1ra. Megel\u0151z\u0151 int\u00e9zked\u00e9sk\u00e9nt felvil\u00e1gos\u00edt\u00f3 munk\u00e1t, rendel\u0151k l\u00e9tes\u00edt\u00e9s\u00e9t \u00e9s a lak\u00e1sviszonyok jav\u00edt\u00e1s\u00e1t javasolta. K\u00e9rte a hat\u00f3s\u00e1gokat, hogy \u00e9p\u00edtsenek szanat\u00f3riumokat, erdei \u00fcd\u00fcl\u0151ket, vid\u00e9ki falusi kol\u00f3ni\u00e1kat, tengerparti gy\u00f3gyint\u00e9zeteket \u00e9s k\u00f3rh\u00e1zakat. Ingyenes orvosi rendel\u0151t tartott fenn t\u00fcd\u0151bajosoknak, ebbe bet\u00e1rsult k\u00e9s\u0151bb Horv\u00e1th Jen\u0151 orvos is. V\u00e1rosunk lak\u00f3i eg\u00e9szs\u00e9g\u00fcgyi helyzet\u00e9nek jav\u00edt\u00e1s\u00e1ra a leghat\u00e1sosabbnak a csek\u00e9ly havi d\u00edjaz\u00e1s\u00fa h\u00e1zi orvosi int\u00e9zm\u00e9ny sz\u00e9lesk\u00f6r\u0171 kifejleszt\u00e9s\u00e9t javasolta, elk\u00e9pzel\u00e9se szerint sz\u00fcks\u00e9ges h\u00e1ziorvos minden olyan csal\u00e1dnak, ahol sok a gyerek, TBC-s vagy m\u00e1s \u00e1lland\u00f3 beteg vagy \u00f6reg van, \u0151 maga is sok csal\u00e1dnak volt h\u00e1ziorvosa, akiket hetenk\u00e9nt l\u00e1togatott \u00e9s lak\u00e1sukon kisebb m\u0171t\u00e9teket is v\u00e9gzett. R\u00e9gi h\u00e1zak lak\u00f3it igyekezett meggy\u0151zni, hogy v\u00e1gassanak nagyobb ablakot, hogy s\u00fcss\u00f6n a nap be. A Csontos csal\u00e1db\u00f3l n\u0151s\u00fclt. Fel\u00e9p\u00edttette Mv.-en a Bolyai u. 4. alatti k\u00e9temeletes, szecesszi\u00f3s st\u00edlusban \u00e9p\u00edtett lak\u00f3h\u00e1z\u00e1t (1911\u201312), ott volt a rendel\u0151je. Irodalomp\u00e1rtol\u00f3 volt, lak\u00e1s\u00e1n m\u0171k\u00f6d\u00f6tt az els\u0151 v\u00e1s\u00e1rhelyi irodalmi szalon, a \u201eszalon szabadl\u00edceum\u201d, ahol el\u0151ad\u00e1st tartott t\u00f6bbek k\u00f6zt Antalffy Endre, Berde M\u00e1ria, Molter K\u00e1roly. Az \u00e1llamos\u00edt\u00e1s ut\u00e1n kitett\u00e9k h\u00e1z\u00e1b\u00f3l, vagyon\u00e1t elvesztette, k\u00e9s\u0151bb a Mez\u0151gazdas\u00e1gi Bank \u00e9p\u00fclete lett. Ez nem t\u00f6rte meg, seg\u00edt\u0151k\u00e9szs\u00e9ge, tud\u00e1sv\u00e1gya megmaradt. 80 \u00e9ves kor\u00e1ban elment Borb\u00e1th doktorhoz a sz\u00fcl\u00e9szetre cs\u00e1sz\u00e1rmetsz\u00e9st n\u00e9zni. 89 \u00e9ves kor\u00e1ban \u00fajb\u00f3l megh\u00e1zasodott, elvette Kiss Tam\u00e1s volt koll.-i tan\u00e1r \u00f6zvegy\u00e9t. 95 \u00e9ves kor\u00e1ban halt meg. Kir\u00e1lyi kit\u00fcntet\u00e9sben r\u00e9szes\u00fclt (eg\u00e9szs\u00e9g\u00fcgyi arany \u00e9rdemkereszt), a t\u00fcd\u0151v\u00e9sz elleni \u00e9vtizedes v\u00e9dekez\u00e9sben felmutatott eredm\u00e9nyei\u00e9rt (1931). 50 \u00e9ves m\u0171k\u00f6d\u00e9se alakalm\u00e1val a helyi t\u00fcd\u0151gondoz\u00e1s szolg\u00e1lat\u00e1ban Aranydiplom\u00e1val t\u00fcntett\u00e9k ki (1942). \u2013 <strong>F. m.<\/strong>: \u00d6sszefoglal\u00f3 a \u201eMaros-V\u00e1s\u00e1rhelyi Sz\u00f6vetkezeti T\u00e1rsask\u00f6r\u201d 1906. okt\u00f3ber h\u00f3 6. \u00fcl\u00e9s\u00e9n. (Mv., 1906.); A tuberkulozisr\u00f3l vagy g\u00fcm\u0151korr\u00f3l (Mv., 1906); A t\u00fcd\u0151v\u00e9sz ellen v\u00e9dekez\u0151 egyes\u00fclet feladatai. (Mv., 1908). <br \/><strong>Irod.:<\/strong> csal\u00e1di inf.; Almanah Tg.M.; F\u00fcl\u00f6p\u2013Ferencz; Id\u0151t\u00e1r 3; Man: Tg. M.; Marosi-KZST; Mv. \u00e9s a h\u00e1bor\u00fa 1.; Sipos; Szinnyei J; \u00d6kr\u00f6s; Todea.<\/br><\/p>\n","protected":false},"excerpt":{"rendered":"<p>Csombord, 1866. okt. 6., \u2020 Mv., 1962. \u00e1pr. 1.: orvos, tisztiorvos, a t\u00fcd\u0151gondoz\u00f3 vezet\u0151je. \u2013 Feles\u00e9ge: Ferencz Gizella (1871? \u2013 Balatonf\u00fcred, 1928. okt. 1. Mv.-en temett\u00e9k okt. 4.). Ferencz Mih\u00e1ly Zsigmond dr., Ferencz Anna \u00e9s dr. Cs\u00edki L\u00e1szl\u00f3 testv\u00e9re. \u2013 Sz\u00e1szv\u00e1roson v\u00e9gezte a Kun Kocs\u00e1rd Koll.-ot, majd orvosi diplom\u00e1t szerzett. A XX. sz. elej\u00e9n ker\u00fclt [&hellip;]<\/p>\n","protected":false},"featured_media":0,"comment_status":"open","ping_status":"closed","template":"","meta":[],"product_brand":[],"product_cat":[137],"product_tag":[],"class_list":{"0":"post-22305","1":"product","2":"type-product","3":"status-publish","5":"product_cat-maros-megyei-eletrajzi-lexikon","7":"first","8":"instock","9":"shipping-taxable","10":"product-type-simple"},"_links":{"self":[{"href":"https:\/\/uj.adatbank.ro\/lexikon\/wp-json\/wp\/v2\/product\/22305","targetHints":{"allow":["GET"]}}],"collection":[{"href":"https:\/\/uj.adatbank.ro\/lexikon\/wp-json\/wp\/v2\/product"}],"about":[{"href":"https:\/\/uj.adatbank.ro\/lexikon\/wp-json\/wp\/v2\/types\/product"}],"replies":[{"embeddable":true,"href":"https:\/\/uj.adatbank.ro\/lexikon\/wp-json\/wp\/v2\/comments?post=22305"}],"wp:attachment":[{"href":"https:\/\/uj.adatbank.ro\/lexikon\/wp-json\/wp\/v2\/media?parent=22305"}],"wp:term":[{"taxonomy":"product_brand","embeddable":true,"href":"https:\/\/uj.adatbank.ro\/lexikon\/wp-json\/wp\/v2\/product_brand?post=22305"},{"taxonomy":"product_cat","embeddable":true,"href":"https:\/\/uj.adatbank.ro\/lexikon\/wp-json\/wp\/v2\/product_cat?post=22305"},{"taxonomy":"product_tag","embeddable":true,"href":"https:\/\/uj.adatbank.ro\/lexikon\/wp-json\/wp\/v2\/product_tag?post=22305"}],"curies":[{"name":"wp","href":"https:\/\/api.w.org\/{rel}","templated":true}]}}