{"id":22306,"date":"2025-07-22T19:56:21","date_gmt":"2025-07-22T17:56:21","guid":{"rendered":"https:\/\/uj.adatbank.ro\/lexikon\/termek\/szilagyi-jeno\/"},"modified":"2025-07-22T19:56:21","modified_gmt":"2025-07-22T17:56:21","slug":"szilagyi-jeno","status":"publish","type":"product","link":"https:\/\/uj.adatbank.ro\/lexikon\/termek\/szilagyi-jeno\/","title":{"rendered":"SZIL\u00c1GYI Jen\u0151"},"content":{"rendered":"<p>Harasztos, 1912. okt. 25., \u2020\u00a0Mv., 1986. j\u00fal. 8.: r. k. pap. \u2013 Ferences szerzetes. Be\u00f6lt\u00f6z\u00f6tt (1927. szept. 20.). Lelkip\u00e1sztor Nagyszebenben, V\u00edzakn\u00e1n, Medgyesen, Erzs\u00e9betv\u00e1roson. Pl\u00e9b\u00e1nos volt Buk.-ben \u00e9s egyh\u00e1zmegyei titk\u00e1r \u00e9s \u00fcgyvezet\u0151. <br \/><strong>Irod.:<\/strong> Gy\u00f6rgy: A ferencrendiek.<\/br><\/p>\n","protected":false},"excerpt":{"rendered":"<p>Harasztos, 1912. okt. 25., \u2020\u00a0Mv., 1986. j\u00fal. 8.: r. k. pap. \u2013 Ferences szerzetes. Be\u00f6lt\u00f6z\u00f6tt (1927. szept. 20.). Lelkip\u00e1sztor Nagyszebenben, V\u00edzakn\u00e1n, Medgyesen, Erzs\u00e9betv\u00e1roson. Pl\u00e9b\u00e1nos volt Buk.-ben \u00e9s egyh\u00e1zmegyei titk\u00e1r \u00e9s \u00fcgyvezet\u0151. Irod.: Gy\u00f6rgy: A ferencrendiek.<\/p>\n","protected":false},"featured_media":0,"comment_status":"open","ping_status":"closed","template":"","meta":[],"product_brand":[],"product_cat":[137],"product_tag":[],"class_list":{"0":"post-22306","1":"product","2":"type-product","3":"status-publish","5":"product_cat-maros-megyei-eletrajzi-lexikon","7":"first","8":"instock","9":"shipping-taxable","10":"product-type-simple"},"_links":{"self":[{"href":"https:\/\/uj.adatbank.ro\/lexikon\/wp-json\/wp\/v2\/product\/22306","targetHints":{"allow":["GET"]}}],"collection":[{"href":"https:\/\/uj.adatbank.ro\/lexikon\/wp-json\/wp\/v2\/product"}],"about":[{"href":"https:\/\/uj.adatbank.ro\/lexikon\/wp-json\/wp\/v2\/types\/product"}],"replies":[{"embeddable":true,"href":"https:\/\/uj.adatbank.ro\/lexikon\/wp-json\/wp\/v2\/comments?post=22306"}],"wp:attachment":[{"href":"https:\/\/uj.adatbank.ro\/lexikon\/wp-json\/wp\/v2\/media?parent=22306"}],"wp:term":[{"taxonomy":"product_brand","embeddable":true,"href":"https:\/\/uj.adatbank.ro\/lexikon\/wp-json\/wp\/v2\/product_brand?post=22306"},{"taxonomy":"product_cat","embeddable":true,"href":"https:\/\/uj.adatbank.ro\/lexikon\/wp-json\/wp\/v2\/product_cat?post=22306"},{"taxonomy":"product_tag","embeddable":true,"href":"https:\/\/uj.adatbank.ro\/lexikon\/wp-json\/wp\/v2\/product_tag?post=22306"}],"curies":[{"name":"wp","href":"https:\/\/api.w.org\/{rel}","templated":true}]}}