{"id":22308,"date":"2025-07-22T19:56:25","date_gmt":"2025-07-22T17:56:25","guid":{"rendered":"https:\/\/uj.adatbank.ro\/lexikon\/termek\/szilagyi-jozsef\/"},"modified":"2025-07-22T19:56:25","modified_gmt":"2025-07-22T17:56:25","slug":"szilagyi-jozsef","status":"publish","type":"product","link":"https:\/\/uj.adatbank.ro\/lexikon\/termek\/szilagyi-jozsef\/","title":{"rendered":"SZIL\u00c1GYI J\u00f3zsef"},"content":{"rendered":"<p>1791? \u2020\u00a01836: tan\u00edt\u00f3. \u2013 Gid\u00f3falvi Ferenc seniorn\u00e1l subscrib\u00e1lt (1808) a mv.-i koll.-ban. Bolyai J\u00e1nos h\u00e1zitan\u00edt\u00f3ja volt. Latin nyelvb\u0151l \u00e9s t\u00f6rt\u00e9nelemb\u0151l korrepet\u00e1lt, m\u00edg volt iskolat\u00e1rsa, Vajda D\u00e1niel, a re\u00e1l tant\u00e1rgyakra tan\u00edtotta Bolyait. A B\u00e9csi Katonai Akad\u00e9mi\u00e1n p\u00e9nzzel is seg\u00edtette \u0151t. \u2013 <strong>F. m.<\/strong>: anatol\u00f3g. Sz\u00edve ki\u00f6ml\u00e9se a\u2019 Maros V\u00e1s\u00e1rhelyi Ref. Koll\u00e9gyomb\u00e9li ifi\u00fas\u00e1g\u00e1nak egy kedves attya hal\u00e1l\u00e1n [Gr. Kem\u00e9ny Mikl\u00f3s]. (Mv., 1829) <br \/><strong>Irod.:<\/strong> F\u00fcl\u00f6p\u2013Ferencz; Ol\u00e1h-G\u00e1l R\u00f3bert: Bolyai J\u00e1nos m\u00e1sodik h\u00e1zitan\u00edt\u00f3ja: Sz. J. (N\u00fa., Sz\u00ednes Vil\u00e1g, 2011. j\u00fan. 18.).<\/br><\/p>\n","protected":false},"excerpt":{"rendered":"<p>1791? \u2020\u00a01836: tan\u00edt\u00f3. \u2013 Gid\u00f3falvi Ferenc seniorn\u00e1l subscrib\u00e1lt (1808) a mv.-i koll.-ban. Bolyai J\u00e1nos h\u00e1zitan\u00edt\u00f3ja volt. Latin nyelvb\u0151l \u00e9s t\u00f6rt\u00e9nelemb\u0151l korrepet\u00e1lt, m\u00edg volt iskolat\u00e1rsa, Vajda D\u00e1niel, a re\u00e1l tant\u00e1rgyakra tan\u00edtotta Bolyait. A B\u00e9csi Katonai Akad\u00e9mi\u00e1n p\u00e9nzzel is seg\u00edtette \u0151t. \u2013 F. m.: anatol\u00f3g. Sz\u00edve ki\u00f6ml\u00e9se a\u2019 Maros V\u00e1s\u00e1rhelyi Ref. Koll\u00e9gyomb\u00e9li ifi\u00fas\u00e1g\u00e1nak egy kedves attya hal\u00e1l\u00e1n [&hellip;]<\/p>\n","protected":false},"featured_media":0,"comment_status":"open","ping_status":"closed","template":"","meta":[],"product_brand":[],"product_cat":[137],"product_tag":[],"class_list":{"0":"post-22308","1":"product","2":"type-product","3":"status-publish","5":"product_cat-maros-megyei-eletrajzi-lexikon","7":"first","8":"instock","9":"shipping-taxable","10":"product-type-simple"},"_links":{"self":[{"href":"https:\/\/uj.adatbank.ro\/lexikon\/wp-json\/wp\/v2\/product\/22308","targetHints":{"allow":["GET"]}}],"collection":[{"href":"https:\/\/uj.adatbank.ro\/lexikon\/wp-json\/wp\/v2\/product"}],"about":[{"href":"https:\/\/uj.adatbank.ro\/lexikon\/wp-json\/wp\/v2\/types\/product"}],"replies":[{"embeddable":true,"href":"https:\/\/uj.adatbank.ro\/lexikon\/wp-json\/wp\/v2\/comments?post=22308"}],"wp:attachment":[{"href":"https:\/\/uj.adatbank.ro\/lexikon\/wp-json\/wp\/v2\/media?parent=22308"}],"wp:term":[{"taxonomy":"product_brand","embeddable":true,"href":"https:\/\/uj.adatbank.ro\/lexikon\/wp-json\/wp\/v2\/product_brand?post=22308"},{"taxonomy":"product_cat","embeddable":true,"href":"https:\/\/uj.adatbank.ro\/lexikon\/wp-json\/wp\/v2\/product_cat?post=22308"},{"taxonomy":"product_tag","embeddable":true,"href":"https:\/\/uj.adatbank.ro\/lexikon\/wp-json\/wp\/v2\/product_tag?post=22308"}],"curies":[{"name":"wp","href":"https:\/\/api.w.org\/{rel}","templated":true}]}}