{"id":22309,"date":"2025-07-22T19:56:27","date_gmt":"2025-07-22T17:56:27","guid":{"rendered":"https:\/\/uj.adatbank.ro\/lexikon\/termek\/szilagyi-jozsef-2\/"},"modified":"2025-07-22T19:56:27","modified_gmt":"2025-07-22T17:56:27","slug":"szilagyi-jozsef-2","status":"publish","type":"product","link":"https:\/\/uj.adatbank.ro\/lexikon\/termek\/szilagyi-jozsef-2\/","title":{"rendered":"SZIL\u00c1GYI J\u00f3zsef"},"content":{"rendered":"<p>Jedd, 1893. m\u00e1j. 17., \u2020\u00a0Dedr\u00e1dsz\u00e9plak, 1956. nov. 25.: f\u00f6ldbirtokos, k\u00f6zs\u00e9gi b\u00edr\u00f3 Dedr\u00e1dsz\u00e9plakon. \u2013 K\u00f6z\u00e9piskol\u00e1i elv\u00e9gz\u00e9se ut\u00e1n mint uradalmi isp\u00e1n tev\u00e9kenykedett, azut\u00e1n kb. 100 holdas f\u00f6ldbirtok\u00e1n foglalkozott termel\u00e9ssel \u00e9s \u00e1llatteny\u00e9szt\u00e9ssel. R\u00e9szt vett az els\u0151 vil\u00e1gh\u00e1bor\u00faban (\u20131917), megsebes\u00fclt, tartal\u00e9kos szakaszvezet\u0151. Az I. o \u2013 ez\u00fcst, bronz vit. \u00e9rem \u00e9s a K\u00e1roly Csapatkereszt, a n\u00e9met kisez\u00fcst v. \u00e9., seb. \u00e9rem kit\u00fcntetettje, f\u00e9l karj\u00e1t elvesztette. A MP eln\u00f6ke, minden kult\u00farint\u00e9zm\u00e9ny t\u00e1mogat\u00f3ja. <br \/><strong>Irod.:<\/strong> Berekm\u00e9ri\u2013Nemes; Sz\u00e9kelyf\u00f6ld \u00ed. k.<\/br><\/p>\n","protected":false},"excerpt":{"rendered":"<p>Jedd, 1893. m\u00e1j. 17., \u2020\u00a0Dedr\u00e1dsz\u00e9plak, 1956. nov. 25.: f\u00f6ldbirtokos, k\u00f6zs\u00e9gi b\u00edr\u00f3 Dedr\u00e1dsz\u00e9plakon. \u2013 K\u00f6z\u00e9piskol\u00e1i elv\u00e9gz\u00e9se ut\u00e1n mint uradalmi isp\u00e1n tev\u00e9kenykedett, azut\u00e1n kb. 100 holdas f\u00f6ldbirtok\u00e1n foglalkozott termel\u00e9ssel \u00e9s \u00e1llatteny\u00e9szt\u00e9ssel. R\u00e9szt vett az els\u0151 vil\u00e1gh\u00e1bor\u00faban (\u20131917), megsebes\u00fclt, tartal\u00e9kos szakaszvezet\u0151. Az I. o \u2013 ez\u00fcst, bronz vit. \u00e9rem \u00e9s a K\u00e1roly Csapatkereszt, a n\u00e9met kisez\u00fcst v. \u00e9., [&hellip;]<\/p>\n","protected":false},"featured_media":0,"comment_status":"open","ping_status":"closed","template":"","meta":[],"product_brand":[],"product_cat":[137],"product_tag":[],"class_list":{"0":"post-22309","1":"product","2":"type-product","3":"status-publish","5":"product_cat-maros-megyei-eletrajzi-lexikon","7":"first","8":"instock","9":"shipping-taxable","10":"product-type-simple"},"_links":{"self":[{"href":"https:\/\/uj.adatbank.ro\/lexikon\/wp-json\/wp\/v2\/product\/22309","targetHints":{"allow":["GET"]}}],"collection":[{"href":"https:\/\/uj.adatbank.ro\/lexikon\/wp-json\/wp\/v2\/product"}],"about":[{"href":"https:\/\/uj.adatbank.ro\/lexikon\/wp-json\/wp\/v2\/types\/product"}],"replies":[{"embeddable":true,"href":"https:\/\/uj.adatbank.ro\/lexikon\/wp-json\/wp\/v2\/comments?post=22309"}],"wp:attachment":[{"href":"https:\/\/uj.adatbank.ro\/lexikon\/wp-json\/wp\/v2\/media?parent=22309"}],"wp:term":[{"taxonomy":"product_brand","embeddable":true,"href":"https:\/\/uj.adatbank.ro\/lexikon\/wp-json\/wp\/v2\/product_brand?post=22309"},{"taxonomy":"product_cat","embeddable":true,"href":"https:\/\/uj.adatbank.ro\/lexikon\/wp-json\/wp\/v2\/product_cat?post=22309"},{"taxonomy":"product_tag","embeddable":true,"href":"https:\/\/uj.adatbank.ro\/lexikon\/wp-json\/wp\/v2\/product_tag?post=22309"}],"curies":[{"name":"wp","href":"https:\/\/api.w.org\/{rel}","templated":true}]}}