{"id":22311,"date":"2025-07-22T19:56:31","date_gmt":"2025-07-22T17:56:31","guid":{"rendered":"https:\/\/uj.adatbank.ro\/lexikon\/termek\/szilagyi-jozsef-akosfalvi-2\/"},"modified":"2025-07-22T19:56:31","modified_gmt":"2025-07-22T17:56:31","slug":"szilagyi-jozsef-akosfalvi-2","status":"publish","type":"product","link":"https:\/\/uj.adatbank.ro\/lexikon\/termek\/szilagyi-jozsef-akosfalvi-2\/","title":{"rendered":"SZIL\u00c1GYI J\u00f3zsef, \u00e1kosfalvi"},"content":{"rendered":"<p>? \u2020 1803: fiskalis procuror Marossz\u00e9ki alkir\u00e1lyb\u00edr\u00f3, \u2013 Sz. J\u00f3zsef \u00e9s Medes\u00e9ri Zsuzsa fia. \u2013 A mv.-i Ref. Koll. k\u00f6nyvt\u00e1rosa (1756\u201362); Marossz\u00e9k aljegyz\u0151je (1777), alkir\u00e1lyb\u00edr\u00f3ja (1778\u201396); ogy.-i k\u00f6vet (1790\u201391); a mv.-i Ref. Koll. algondnoka (1790\u2013). Neje: Palatkai Kl\u00e1ra. Gyermekei: Jusztina (ka\u00e1li Nagy Simonn\u00e9), Karolina (Pelei \u00c1d\u00e1mn\u00e9), K\u00e1roly (neje: Fogarasi Druzsina), Elek (neje: K\u00f6petzi R\u00f3za) \u00e9s Mih\u00e1ly (neje: de\u00e9si Marjai S\u00e1ra). <br \/><strong>Irod.:<\/strong> Farcz\u00e1dy Elek: A marosv\u00e1s\u00e1rhelyi Bolyai tudom\u00e1nyos k\u00f6nyvt\u00e1r = Eml\u00e9kk. K.L. 80; Kempelen; Koncz; Kr\u00f3n. F\u00fcz. (1939. 4\/9); Nagy Iv\u00e1n<\/br><\/p>\n","protected":false},"excerpt":{"rendered":"<p>? \u2020 1803: fiskalis procuror Marossz\u00e9ki alkir\u00e1lyb\u00edr\u00f3, \u2013 Sz. J\u00f3zsef \u00e9s Medes\u00e9ri Zsuzsa fia. \u2013 A mv.-i Ref. Koll. k\u00f6nyvt\u00e1rosa (1756\u201362); Marossz\u00e9k aljegyz\u0151je (1777), alkir\u00e1lyb\u00edr\u00f3ja (1778\u201396); ogy.-i k\u00f6vet (1790\u201391); a mv.-i Ref. Koll. algondnoka (1790\u2013). Neje: Palatkai Kl\u00e1ra. Gyermekei: Jusztina (ka\u00e1li Nagy Simonn\u00e9), Karolina (Pelei \u00c1d\u00e1mn\u00e9), K\u00e1roly (neje: Fogarasi Druzsina), Elek (neje: K\u00f6petzi R\u00f3za) \u00e9s [&hellip;]<\/p>\n","protected":false},"featured_media":0,"comment_status":"open","ping_status":"closed","template":"","meta":[],"product_brand":[],"product_cat":[137],"product_tag":[],"class_list":{"0":"post-22311","1":"product","2":"type-product","3":"status-publish","5":"product_cat-maros-megyei-eletrajzi-lexikon","7":"first","8":"instock","9":"shipping-taxable","10":"product-type-simple"},"_links":{"self":[{"href":"https:\/\/uj.adatbank.ro\/lexikon\/wp-json\/wp\/v2\/product\/22311","targetHints":{"allow":["GET"]}}],"collection":[{"href":"https:\/\/uj.adatbank.ro\/lexikon\/wp-json\/wp\/v2\/product"}],"about":[{"href":"https:\/\/uj.adatbank.ro\/lexikon\/wp-json\/wp\/v2\/types\/product"}],"replies":[{"embeddable":true,"href":"https:\/\/uj.adatbank.ro\/lexikon\/wp-json\/wp\/v2\/comments?post=22311"}],"wp:attachment":[{"href":"https:\/\/uj.adatbank.ro\/lexikon\/wp-json\/wp\/v2\/media?parent=22311"}],"wp:term":[{"taxonomy":"product_brand","embeddable":true,"href":"https:\/\/uj.adatbank.ro\/lexikon\/wp-json\/wp\/v2\/product_brand?post=22311"},{"taxonomy":"product_cat","embeddable":true,"href":"https:\/\/uj.adatbank.ro\/lexikon\/wp-json\/wp\/v2\/product_cat?post=22311"},{"taxonomy":"product_tag","embeddable":true,"href":"https:\/\/uj.adatbank.ro\/lexikon\/wp-json\/wp\/v2\/product_tag?post=22311"}],"curies":[{"name":"wp","href":"https:\/\/api.w.org\/{rel}","templated":true}]}}