{"id":22313,"date":"2025-07-22T19:56:37","date_gmt":"2025-07-22T17:56:37","guid":{"rendered":"https:\/\/uj.adatbank.ro\/lexikon\/termek\/szilagyi-justina\/"},"modified":"2025-07-22T19:56:37","modified_gmt":"2025-07-22T17:56:37","slug":"szilagyi-justina","status":"publish","type":"product","link":"https:\/\/uj.adatbank.ro\/lexikon\/termek\/szilagyi-justina\/","title":{"rendered":"SZIL\u00c1GYI Justina"},"content":{"rendered":"<p>? \u2020?: birtokos. \u2013 kapta M\u00e1ty\u00e1s kir\u00e1ly idej\u00e9ben a gernyeszegi birtokot \u00e9s k\u0151v\u00e1rat, aki f\u00e9rjhez ment Erd\u00e9lyi Istv\u00e1nhoz, \u00edgy \u00fajra az Erd\u00e9lyi csal\u00e1dd\u00e9 a v\u00e1r eg\u00e9szen Bethlen G\u00e1bor kor\u00e1ig. <br \/><strong>Irod.:<\/strong> B\u00f6jthe Andor: A G\u00f6rg\u00e9nyi ev. ref. egyh\u00e1zmegye t\u00f6rt\u00e9nete [k\u00e9zirat]; Sz\u00e9pr\u00e9ti Lilla: A gernyeszegi kast\u00e9ly (\u00daj \u00c9let, 1971, 11. sz.).<\/br><\/p>\n","protected":false},"excerpt":{"rendered":"<p>? \u2020?: birtokos. \u2013 kapta M\u00e1ty\u00e1s kir\u00e1ly idej\u00e9ben a gernyeszegi birtokot \u00e9s k\u0151v\u00e1rat, aki f\u00e9rjhez ment Erd\u00e9lyi Istv\u00e1nhoz, \u00edgy \u00fajra az Erd\u00e9lyi csal\u00e1dd\u00e9 a v\u00e1r eg\u00e9szen Bethlen G\u00e1bor kor\u00e1ig. Irod.: B\u00f6jthe Andor: A G\u00f6rg\u00e9nyi ev. ref. egyh\u00e1zmegye t\u00f6rt\u00e9nete [k\u00e9zirat]; Sz\u00e9pr\u00e9ti Lilla: A gernyeszegi kast\u00e9ly (\u00daj \u00c9let, 1971, 11. sz.).<\/p>\n","protected":false},"featured_media":0,"comment_status":"open","ping_status":"closed","template":"","meta":[],"product_brand":[],"product_cat":[137],"product_tag":[],"class_list":{"0":"post-22313","1":"product","2":"type-product","3":"status-publish","5":"product_cat-maros-megyei-eletrajzi-lexikon","7":"first","8":"instock","9":"shipping-taxable","10":"product-type-simple"},"_links":{"self":[{"href":"https:\/\/uj.adatbank.ro\/lexikon\/wp-json\/wp\/v2\/product\/22313","targetHints":{"allow":["GET"]}}],"collection":[{"href":"https:\/\/uj.adatbank.ro\/lexikon\/wp-json\/wp\/v2\/product"}],"about":[{"href":"https:\/\/uj.adatbank.ro\/lexikon\/wp-json\/wp\/v2\/types\/product"}],"replies":[{"embeddable":true,"href":"https:\/\/uj.adatbank.ro\/lexikon\/wp-json\/wp\/v2\/comments?post=22313"}],"wp:attachment":[{"href":"https:\/\/uj.adatbank.ro\/lexikon\/wp-json\/wp\/v2\/media?parent=22313"}],"wp:term":[{"taxonomy":"product_brand","embeddable":true,"href":"https:\/\/uj.adatbank.ro\/lexikon\/wp-json\/wp\/v2\/product_brand?post=22313"},{"taxonomy":"product_cat","embeddable":true,"href":"https:\/\/uj.adatbank.ro\/lexikon\/wp-json\/wp\/v2\/product_cat?post=22313"},{"taxonomy":"product_tag","embeddable":true,"href":"https:\/\/uj.adatbank.ro\/lexikon\/wp-json\/wp\/v2\/product_tag?post=22313"}],"curies":[{"name":"wp","href":"https:\/\/api.w.org\/{rel}","templated":true}]}}