{"id":22316,"date":"2025-07-22T19:56:41","date_gmt":"2025-07-22T17:56:41","guid":{"rendered":"https:\/\/uj.adatbank.ro\/lexikon\/termek\/szilagyi-karoly-akosfalvi\/"},"modified":"2025-07-22T19:56:41","modified_gmt":"2025-07-22T17:56:41","slug":"szilagyi-karoly-akosfalvi","status":"publish","type":"product","link":"https:\/\/uj.adatbank.ro\/lexikon\/termek\/szilagyi-karoly-akosfalvi\/","title":{"rendered":"SZIL\u00c1GYI K\u00e1roly, \u00e1kosfalvi"},"content":{"rendered":"<p>? \u2020\u00a01848: lev\u00e9lt\u00e1ros, tb. jegyz\u0151. \u2013 Marossz\u00e9k lev\u00e9lt\u00e1rosak\u00e9nt \u00f6sszegy\u0171jt\u00f6tte a sz\u00e9ki k\u00f6zgy\u0171l\u00e9s 1718 ut\u00e1n hozott hat\u00e1rozatait (1827), de a gy\u0171jtem\u00e9ny elveszett. <br \/><strong>Irod.:<\/strong> Kempelen; Nagy Iv\u00e1n; P\u00e1l-Antal; P\u00e1l-Antal 2002.<\/br><\/p>\n","protected":false},"excerpt":{"rendered":"<p>? \u2020\u00a01848: lev\u00e9lt\u00e1ros, tb. jegyz\u0151. \u2013 Marossz\u00e9k lev\u00e9lt\u00e1rosak\u00e9nt \u00f6sszegy\u0171jt\u00f6tte a sz\u00e9ki k\u00f6zgy\u0171l\u00e9s 1718 ut\u00e1n hozott hat\u00e1rozatait (1827), de a gy\u0171jtem\u00e9ny elveszett. Irod.: Kempelen; Nagy Iv\u00e1n; P\u00e1l-Antal; P\u00e1l-Antal 2002.<\/p>\n","protected":false},"featured_media":0,"comment_status":"open","ping_status":"closed","template":"","meta":[],"product_brand":[],"product_cat":[137],"product_tag":[],"class_list":{"0":"post-22316","1":"product","2":"type-product","3":"status-publish","5":"product_cat-maros-megyei-eletrajzi-lexikon","7":"first","8":"instock","9":"shipping-taxable","10":"product-type-simple"},"_links":{"self":[{"href":"https:\/\/uj.adatbank.ro\/lexikon\/wp-json\/wp\/v2\/product\/22316","targetHints":{"allow":["GET"]}}],"collection":[{"href":"https:\/\/uj.adatbank.ro\/lexikon\/wp-json\/wp\/v2\/product"}],"about":[{"href":"https:\/\/uj.adatbank.ro\/lexikon\/wp-json\/wp\/v2\/types\/product"}],"replies":[{"embeddable":true,"href":"https:\/\/uj.adatbank.ro\/lexikon\/wp-json\/wp\/v2\/comments?post=22316"}],"wp:attachment":[{"href":"https:\/\/uj.adatbank.ro\/lexikon\/wp-json\/wp\/v2\/media?parent=22316"}],"wp:term":[{"taxonomy":"product_brand","embeddable":true,"href":"https:\/\/uj.adatbank.ro\/lexikon\/wp-json\/wp\/v2\/product_brand?post=22316"},{"taxonomy":"product_cat","embeddable":true,"href":"https:\/\/uj.adatbank.ro\/lexikon\/wp-json\/wp\/v2\/product_cat?post=22316"},{"taxonomy":"product_tag","embeddable":true,"href":"https:\/\/uj.adatbank.ro\/lexikon\/wp-json\/wp\/v2\/product_tag?post=22316"}],"curies":[{"name":"wp","href":"https:\/\/api.w.org\/{rel}","templated":true}]}}