{"id":22317,"date":"2025-07-22T19:56:43","date_gmt":"2025-07-22T17:56:43","guid":{"rendered":"https:\/\/uj.adatbank.ro\/lexikon\/termek\/szilagyi-lajos\/"},"modified":"2025-07-22T19:56:43","modified_gmt":"2025-07-22T17:56:43","slug":"szilagyi-lajos","status":"publish","type":"product","link":"https:\/\/uj.adatbank.ro\/lexikon\/termek\/szilagyi-lajos\/","title":{"rendered":"SZIL\u00c1GYI Lajos"},"content":{"rendered":"<p>? \u2020?: keresked\u0151. \u2013 Mv.-en volt textil \u00e9s f\u00e9rfiruha keresked\u00e9se (1868\u2013). Erd\u00e9ly els\u0151, legnagyobb m. \u00e9s sz\u0171rszab\u00f3 \u00fczlete \u00e9s k\u00e9szruha rakt\u00e1ra volt Mv.-en az (Iskola u. 21.) \u00e9s fi\u00f3k \u00fczlete Marosludas F\u0151ter\u00e9n (alap\u00edtotta 1876 \u00e9s h\u00eddette 1912). <br \/><strong>Irod.:<\/strong> EBKL; Szentgy\u00f6rgyi.<\/br><\/p>\n","protected":false},"excerpt":{"rendered":"<p>? \u2020?: keresked\u0151. \u2013 Mv.-en volt textil \u00e9s f\u00e9rfiruha keresked\u00e9se (1868\u2013). Erd\u00e9ly els\u0151, legnagyobb m. \u00e9s sz\u0171rszab\u00f3 \u00fczlete \u00e9s k\u00e9szruha rakt\u00e1ra volt Mv.-en az (Iskola u. 21.) \u00e9s fi\u00f3k \u00fczlete Marosludas F\u0151ter\u00e9n (alap\u00edtotta 1876 \u00e9s h\u00eddette 1912). Irod.: EBKL; Szentgy\u00f6rgyi.<\/p>\n","protected":false},"featured_media":0,"comment_status":"open","ping_status":"closed","template":"","meta":[],"product_brand":[],"product_cat":[137],"product_tag":[],"class_list":{"0":"post-22317","1":"product","2":"type-product","3":"status-publish","5":"product_cat-maros-megyei-eletrajzi-lexikon","7":"first","8":"instock","9":"shipping-taxable","10":"product-type-simple"},"_links":{"self":[{"href":"https:\/\/uj.adatbank.ro\/lexikon\/wp-json\/wp\/v2\/product\/22317","targetHints":{"allow":["GET"]}}],"collection":[{"href":"https:\/\/uj.adatbank.ro\/lexikon\/wp-json\/wp\/v2\/product"}],"about":[{"href":"https:\/\/uj.adatbank.ro\/lexikon\/wp-json\/wp\/v2\/types\/product"}],"replies":[{"embeddable":true,"href":"https:\/\/uj.adatbank.ro\/lexikon\/wp-json\/wp\/v2\/comments?post=22317"}],"wp:attachment":[{"href":"https:\/\/uj.adatbank.ro\/lexikon\/wp-json\/wp\/v2\/media?parent=22317"}],"wp:term":[{"taxonomy":"product_brand","embeddable":true,"href":"https:\/\/uj.adatbank.ro\/lexikon\/wp-json\/wp\/v2\/product_brand?post=22317"},{"taxonomy":"product_cat","embeddable":true,"href":"https:\/\/uj.adatbank.ro\/lexikon\/wp-json\/wp\/v2\/product_cat?post=22317"},{"taxonomy":"product_tag","embeddable":true,"href":"https:\/\/uj.adatbank.ro\/lexikon\/wp-json\/wp\/v2\/product_tag?post=22317"}],"curies":[{"name":"wp","href":"https:\/\/api.w.org\/{rel}","templated":true}]}}