{"id":22318,"date":"2025-07-22T19:56:45","date_gmt":"2025-07-22T17:56:45","guid":{"rendered":"https:\/\/uj.adatbank.ro\/lexikon\/termek\/szilagyi-lajos-2\/"},"modified":"2025-07-22T19:56:45","modified_gmt":"2025-07-22T17:56:45","slug":"szilagyi-lajos-2","status":"publish","type":"product","link":"https:\/\/uj.adatbank.ro\/lexikon\/termek\/szilagyi-lajos-2\/","title":{"rendered":"SZIL\u00c1GYI Lajos"},"content":{"rendered":"<p>? \u2020?: k\u00e9pvisel\u0151. <br \/><strong>Irod.:<\/strong> Bojthor Endre: Az 1869. \u00e1pr. 20. \u00f6sszeh\u00edvott orsz\u00e1ggy\u0171l\u00e9s k\u00e9pvisel\u0151h\u00e1za tagjainak bet\u0171soros n\u00e9v- \u00e9s lakjegyz\u00e9ke (Bp., 1872).<\/br><\/p>\n","protected":false},"excerpt":{"rendered":"<p>? \u2020?: k\u00e9pvisel\u0151. Irod.: Bojthor Endre: Az 1869. \u00e1pr. 20. \u00f6sszeh\u00edvott orsz\u00e1ggy\u0171l\u00e9s k\u00e9pvisel\u0151h\u00e1za tagjainak bet\u0171soros n\u00e9v- \u00e9s lakjegyz\u00e9ke (Bp., 1872).<\/p>\n","protected":false},"featured_media":0,"comment_status":"open","ping_status":"closed","template":"","meta":[],"product_brand":[],"product_cat":[137],"product_tag":[],"class_list":{"0":"post-22318","1":"product","2":"type-product","3":"status-publish","5":"product_cat-maros-megyei-eletrajzi-lexikon","7":"first","8":"instock","9":"shipping-taxable","10":"product-type-simple"},"_links":{"self":[{"href":"https:\/\/uj.adatbank.ro\/lexikon\/wp-json\/wp\/v2\/product\/22318","targetHints":{"allow":["GET"]}}],"collection":[{"href":"https:\/\/uj.adatbank.ro\/lexikon\/wp-json\/wp\/v2\/product"}],"about":[{"href":"https:\/\/uj.adatbank.ro\/lexikon\/wp-json\/wp\/v2\/types\/product"}],"replies":[{"embeddable":true,"href":"https:\/\/uj.adatbank.ro\/lexikon\/wp-json\/wp\/v2\/comments?post=22318"}],"wp:attachment":[{"href":"https:\/\/uj.adatbank.ro\/lexikon\/wp-json\/wp\/v2\/media?parent=22318"}],"wp:term":[{"taxonomy":"product_brand","embeddable":true,"href":"https:\/\/uj.adatbank.ro\/lexikon\/wp-json\/wp\/v2\/product_brand?post=22318"},{"taxonomy":"product_cat","embeddable":true,"href":"https:\/\/uj.adatbank.ro\/lexikon\/wp-json\/wp\/v2\/product_cat?post=22318"},{"taxonomy":"product_tag","embeddable":true,"href":"https:\/\/uj.adatbank.ro\/lexikon\/wp-json\/wp\/v2\/product_tag?post=22318"}],"curies":[{"name":"wp","href":"https:\/\/api.w.org\/{rel}","templated":true}]}}