{"id":22323,"date":"2025-07-22T19:56:55","date_gmt":"2025-07-22T17:56:55","guid":{"rendered":"https:\/\/uj.adatbank.ro\/lexikon\/termek\/szilagyi-mihaly-akosfalvi\/"},"modified":"2025-07-22T19:56:55","modified_gmt":"2025-07-22T17:56:55","slug":"szilagyi-mihaly-akosfalvi","status":"publish","type":"product","link":"https:\/\/uj.adatbank.ro\/lexikon\/termek\/szilagyi-mihaly-akosfalvi\/","title":{"rendered":"SZIL\u00c1GYI Mih\u00e1ly, \u00e1kosfalvi"},"content":{"rendered":"<p>? \u2020?: alkir\u00e1lyb\u00edr\u00f3. \u2013 Marossz\u00e9k alkir\u00e1lyb\u00edr\u00f3ja (1681\u201390). <br \/><strong>Irod.:<\/strong> Kempelen; M. t\u00f6rt. \u00e9vk. napl\u00f3k; Nagy Iv\u00e1n; P\u00e1lmay.<\/br><\/p>\n","protected":false},"excerpt":{"rendered":"<p>? \u2020?: alkir\u00e1lyb\u00edr\u00f3. \u2013 Marossz\u00e9k alkir\u00e1lyb\u00edr\u00f3ja (1681\u201390). Irod.: Kempelen; M. t\u00f6rt. \u00e9vk. napl\u00f3k; Nagy Iv\u00e1n; P\u00e1lmay.<\/p>\n","protected":false},"featured_media":0,"comment_status":"open","ping_status":"closed","template":"","meta":[],"product_brand":[],"product_cat":[137],"product_tag":[],"class_list":{"0":"post-22323","1":"product","2":"type-product","3":"status-publish","5":"product_cat-maros-megyei-eletrajzi-lexikon","7":"first","8":"instock","9":"shipping-taxable","10":"product-type-simple"},"_links":{"self":[{"href":"https:\/\/uj.adatbank.ro\/lexikon\/wp-json\/wp\/v2\/product\/22323","targetHints":{"allow":["GET"]}}],"collection":[{"href":"https:\/\/uj.adatbank.ro\/lexikon\/wp-json\/wp\/v2\/product"}],"about":[{"href":"https:\/\/uj.adatbank.ro\/lexikon\/wp-json\/wp\/v2\/types\/product"}],"replies":[{"embeddable":true,"href":"https:\/\/uj.adatbank.ro\/lexikon\/wp-json\/wp\/v2\/comments?post=22323"}],"wp:attachment":[{"href":"https:\/\/uj.adatbank.ro\/lexikon\/wp-json\/wp\/v2\/media?parent=22323"}],"wp:term":[{"taxonomy":"product_brand","embeddable":true,"href":"https:\/\/uj.adatbank.ro\/lexikon\/wp-json\/wp\/v2\/product_brand?post=22323"},{"taxonomy":"product_cat","embeddable":true,"href":"https:\/\/uj.adatbank.ro\/lexikon\/wp-json\/wp\/v2\/product_cat?post=22323"},{"taxonomy":"product_tag","embeddable":true,"href":"https:\/\/uj.adatbank.ro\/lexikon\/wp-json\/wp\/v2\/product_tag?post=22323"}],"curies":[{"name":"wp","href":"https:\/\/api.w.org\/{rel}","templated":true}]}}