{"id":22324,"date":"2025-07-22T19:56:58","date_gmt":"2025-07-22T17:56:58","guid":{"rendered":"https:\/\/uj.adatbank.ro\/lexikon\/termek\/szilagyi-mihaly-akosfalvi-2\/"},"modified":"2025-07-22T19:56:58","modified_gmt":"2025-07-22T17:56:58","slug":"szilagyi-mihaly-akosfalvi-2","status":"publish","type":"product","link":"https:\/\/uj.adatbank.ro\/lexikon\/termek\/szilagyi-mihaly-akosfalvi-2\/","title":{"rendered":"SZIL\u00c1GYI Mih\u00e1ly, \u00e1kosfalvi"},"content":{"rendered":"<p>? \u2020\u00a01762: mv.-i t\u00e1blai b\u00edr\u00f3, f\u0151jegyz\u0151, ogy.-i k\u00f6vet. \u2013 Marossz\u00e9k lev\u00e9lt\u00e1rnoka (1745); f\u0151jegyz\u0151 (1748\u201353); ogy. k\u00f6vet (1751); alkir\u00e1lyb\u00edr\u00f3 (1753\u201354). A mv.-i Ref. Koll. algondnoka (1743\u2013). <br \/><strong>Irod.:<\/strong> Bittenbinder Mikl\u00f3s: A Hum\u00e1jun Nama els\u0151 magyar sz\u00e1rmaz\u00e9ka; Koncz; Magyar t\u00f6rt\u00e9nelmi \u00e9vk\u00f6nyvek \u00e9s napl\u00f3k a XVI\u2013XVIII. sz.-b\u00f3l. 3. k\u00f6t. (Bp., 1896); P\u00e1l-Antal; P\u00e1l-Antal 2002.<\/br><\/p>\n","protected":false},"excerpt":{"rendered":"<p>? \u2020\u00a01762: mv.-i t\u00e1blai b\u00edr\u00f3, f\u0151jegyz\u0151, ogy.-i k\u00f6vet. \u2013 Marossz\u00e9k lev\u00e9lt\u00e1rnoka (1745); f\u0151jegyz\u0151 (1748\u201353); ogy. k\u00f6vet (1751); alkir\u00e1lyb\u00edr\u00f3 (1753\u201354). A mv.-i Ref. Koll. algondnoka (1743\u2013). Irod.: Bittenbinder Mikl\u00f3s: A Hum\u00e1jun Nama els\u0151 magyar sz\u00e1rmaz\u00e9ka; Koncz; Magyar t\u00f6rt\u00e9nelmi \u00e9vk\u00f6nyvek \u00e9s napl\u00f3k a XVI\u2013XVIII. sz.-b\u00f3l. 3. k\u00f6t. (Bp., 1896); P\u00e1l-Antal; P\u00e1l-Antal 2002.<\/p>\n","protected":false},"featured_media":0,"comment_status":"open","ping_status":"closed","template":"","meta":[],"product_brand":[],"product_cat":[137],"product_tag":[],"class_list":{"0":"post-22324","1":"product","2":"type-product","3":"status-publish","5":"product_cat-maros-megyei-eletrajzi-lexikon","7":"first","8":"instock","9":"shipping-taxable","10":"product-type-simple"},"_links":{"self":[{"href":"https:\/\/uj.adatbank.ro\/lexikon\/wp-json\/wp\/v2\/product\/22324","targetHints":{"allow":["GET"]}}],"collection":[{"href":"https:\/\/uj.adatbank.ro\/lexikon\/wp-json\/wp\/v2\/product"}],"about":[{"href":"https:\/\/uj.adatbank.ro\/lexikon\/wp-json\/wp\/v2\/types\/product"}],"replies":[{"embeddable":true,"href":"https:\/\/uj.adatbank.ro\/lexikon\/wp-json\/wp\/v2\/comments?post=22324"}],"wp:attachment":[{"href":"https:\/\/uj.adatbank.ro\/lexikon\/wp-json\/wp\/v2\/media?parent=22324"}],"wp:term":[{"taxonomy":"product_brand","embeddable":true,"href":"https:\/\/uj.adatbank.ro\/lexikon\/wp-json\/wp\/v2\/product_brand?post=22324"},{"taxonomy":"product_cat","embeddable":true,"href":"https:\/\/uj.adatbank.ro\/lexikon\/wp-json\/wp\/v2\/product_cat?post=22324"},{"taxonomy":"product_tag","embeddable":true,"href":"https:\/\/uj.adatbank.ro\/lexikon\/wp-json\/wp\/v2\/product_tag?post=22324"}],"curies":[{"name":"wp","href":"https:\/\/api.w.org\/{rel}","templated":true}]}}