{"id":22327,"date":"2025-07-22T19:57:04","date_gmt":"2025-07-22T17:57:04","guid":{"rendered":"https:\/\/uj.adatbank.ro\/lexikon\/termek\/szilagyi-miklos-szekelyfoldvari\/"},"modified":"2025-07-22T19:57:04","modified_gmt":"2025-07-22T17:57:04","slug":"szilagyi-miklos-szekelyfoldvari","status":"publish","type":"product","link":"https:\/\/uj.adatbank.ro\/lexikon\/termek\/szilagyi-miklos-szekelyfoldvari\/","title":{"rendered":"SZIL\u00c1GYI Mikl\u00f3s, sz\u00e9kelyf\u00f6ldv\u00e1ri"},"content":{"rendered":"<p>1836.? \u2020 Mv., 1875. j\u00fan. 9. Kv.-on temett\u00e9k.: \u00fcgy\u00e9sz. \u2013 Sz. P\u00e1l \u00e9s Pap Ant\u00f3nia fia. Feles\u00e9ge: zilahi Kiss Vilma. Gyermek\u00fck: Mikl\u00f3s. \u2013 Mv.-i m. kir. \u00fcgy\u00e9sz. <br \/><strong>Irod.:<\/strong> Gy\u00e1szjelent\u0151.<\/br><\/p>\n","protected":false},"excerpt":{"rendered":"<p>1836.? \u2020 Mv., 1875. j\u00fan. 9. Kv.-on temett\u00e9k.: \u00fcgy\u00e9sz. \u2013 Sz. P\u00e1l \u00e9s Pap Ant\u00f3nia fia. Feles\u00e9ge: zilahi Kiss Vilma. Gyermek\u00fck: Mikl\u00f3s. \u2013 Mv.-i m. kir. \u00fcgy\u00e9sz. Irod.: Gy\u00e1szjelent\u0151.<\/p>\n","protected":false},"featured_media":0,"comment_status":"open","ping_status":"closed","template":"","meta":[],"product_brand":[],"product_cat":[137],"product_tag":[],"class_list":{"0":"post-22327","1":"product","2":"type-product","3":"status-publish","5":"product_cat-maros-megyei-eletrajzi-lexikon","7":"first","8":"instock","9":"shipping-taxable","10":"product-type-simple"},"_links":{"self":[{"href":"https:\/\/uj.adatbank.ro\/lexikon\/wp-json\/wp\/v2\/product\/22327","targetHints":{"allow":["GET"]}}],"collection":[{"href":"https:\/\/uj.adatbank.ro\/lexikon\/wp-json\/wp\/v2\/product"}],"about":[{"href":"https:\/\/uj.adatbank.ro\/lexikon\/wp-json\/wp\/v2\/types\/product"}],"replies":[{"embeddable":true,"href":"https:\/\/uj.adatbank.ro\/lexikon\/wp-json\/wp\/v2\/comments?post=22327"}],"wp:attachment":[{"href":"https:\/\/uj.adatbank.ro\/lexikon\/wp-json\/wp\/v2\/media?parent=22327"}],"wp:term":[{"taxonomy":"product_brand","embeddable":true,"href":"https:\/\/uj.adatbank.ro\/lexikon\/wp-json\/wp\/v2\/product_brand?post=22327"},{"taxonomy":"product_cat","embeddable":true,"href":"https:\/\/uj.adatbank.ro\/lexikon\/wp-json\/wp\/v2\/product_cat?post=22327"},{"taxonomy":"product_tag","embeddable":true,"href":"https:\/\/uj.adatbank.ro\/lexikon\/wp-json\/wp\/v2\/product_tag?post=22327"}],"curies":[{"name":"wp","href":"https:\/\/api.w.org\/{rel}","templated":true}]}}