{"id":22330,"date":"2025-07-22T19:57:10","date_gmt":"2025-07-22T17:57:10","guid":{"rendered":"https:\/\/uj.adatbank.ro\/lexikon\/termek\/szilagyi-nagy-sandor-id\/"},"modified":"2025-07-22T19:57:10","modified_gmt":"2025-07-22T17:57:10","slug":"szilagyi-nagy-sandor-id","status":"publish","type":"product","link":"https:\/\/uj.adatbank.ro\/lexikon\/termek\/szilagyi-nagy-sandor-id\/","title":{"rendered":"SZIL\u00c1GYI NAGY S\u00e1ndor, id."},"content":{"rendered":"<p>Mv.1837 \u2020\u00a0Mv., 1904. m\u00e1rc. 16.: orvos. \u2013 Sz. Nagy D\u00e1niel \u00e9s Borosnyai Luk\u00e1cs Zsuzs\u00e1nna fia. Testv\u00e9re: Sz. N. M\u00e1ria S. Pataky J\u00f3zsefn\u00e9. Feles\u00e9ge: homor\u00f3dszentp\u00e1li Szentp\u00e1ly Berta. Gyermekeik: Sz. N. Ilona dr. L\u00e1ni Oszk\u00e1rn\u00e9, fi\u00fak ifj. L. O.; dr. Sz. N. S\u00e1ndor. \u2013 A b\u00e9csi egyetemen kapott orvosi k\u00e9pz\u00e9st (1860). Orvostudor Mv.-en. <br \/><strong>Irod.:<\/strong> Gy\u00e1szjelent\u0151.<\/br><\/p>\n","protected":false},"excerpt":{"rendered":"<p>Mv.1837 \u2020\u00a0Mv., 1904. m\u00e1rc. 16.: orvos. \u2013 Sz. Nagy D\u00e1niel \u00e9s Borosnyai Luk\u00e1cs Zsuzs\u00e1nna fia. Testv\u00e9re: Sz. N. M\u00e1ria S. Pataky J\u00f3zsefn\u00e9. Feles\u00e9ge: homor\u00f3dszentp\u00e1li Szentp\u00e1ly Berta. Gyermekeik: Sz. N. Ilona dr. L\u00e1ni Oszk\u00e1rn\u00e9, fi\u00fak ifj. L. O.; dr. Sz. N. S\u00e1ndor. \u2013 A b\u00e9csi egyetemen kapott orvosi k\u00e9pz\u00e9st (1860). Orvostudor Mv.-en. Irod.: Gy\u00e1szjelent\u0151.<\/p>\n","protected":false},"featured_media":0,"comment_status":"open","ping_status":"closed","template":"","meta":[],"product_brand":[],"product_cat":[137],"product_tag":[],"class_list":{"0":"post-22330","1":"product","2":"type-product","3":"status-publish","5":"product_cat-maros-megyei-eletrajzi-lexikon","7":"first","8":"instock","9":"shipping-taxable","10":"product-type-simple"},"_links":{"self":[{"href":"https:\/\/uj.adatbank.ro\/lexikon\/wp-json\/wp\/v2\/product\/22330","targetHints":{"allow":["GET"]}}],"collection":[{"href":"https:\/\/uj.adatbank.ro\/lexikon\/wp-json\/wp\/v2\/product"}],"about":[{"href":"https:\/\/uj.adatbank.ro\/lexikon\/wp-json\/wp\/v2\/types\/product"}],"replies":[{"embeddable":true,"href":"https:\/\/uj.adatbank.ro\/lexikon\/wp-json\/wp\/v2\/comments?post=22330"}],"wp:attachment":[{"href":"https:\/\/uj.adatbank.ro\/lexikon\/wp-json\/wp\/v2\/media?parent=22330"}],"wp:term":[{"taxonomy":"product_brand","embeddable":true,"href":"https:\/\/uj.adatbank.ro\/lexikon\/wp-json\/wp\/v2\/product_brand?post=22330"},{"taxonomy":"product_cat","embeddable":true,"href":"https:\/\/uj.adatbank.ro\/lexikon\/wp-json\/wp\/v2\/product_cat?post=22330"},{"taxonomy":"product_tag","embeddable":true,"href":"https:\/\/uj.adatbank.ro\/lexikon\/wp-json\/wp\/v2\/product_tag?post=22330"}],"curies":[{"name":"wp","href":"https:\/\/api.w.org\/{rel}","templated":true}]}}