{"id":22331,"date":"2025-07-22T19:57:12","date_gmt":"2025-07-22T17:57:12","guid":{"rendered":"https:\/\/uj.adatbank.ro\/lexikon\/termek\/szilagyi-nagy-sandor-szilagyi-n-sandor-szilagy-sandor-n-szilagyi-sandor-szilagyi-n-alexandru\/"},"modified":"2025-07-22T19:57:12","modified_gmt":"2025-07-22T17:57:12","slug":"szilagyi-nagy-sandor-szilagyi-n-sandor-szilagy-sandor-n-szilagyi-sandor-szilagyi-n-alexandru","status":"publish","type":"product","link":"https:\/\/uj.adatbank.ro\/lexikon\/termek\/szilagyi-nagy-sandor-szilagyi-n-sandor-szilagy-sandor-n-szilagyi-sandor-szilagyi-n-alexandru\/","title":{"rendered":"SZIL\u00c1GYI NAGY S\u00e1ndor, Szil\u00e1gyi N. S\u00e1ndor, Szil\u00e1gy S\u00e1ndor, N.; Szil\u00e1gyi S\u00e1ndor, Szil\u00e1gyi N. Alexandru"},"content":{"rendered":"<p>Mv., 1865., \u2020\u00a0Mv., 1935. j\u00fan. 14.: orvos. \u2013 Sz. N. S\u00e1ndor orvos \u00e9s homor\u00f3dszentp\u00e1li Szentp\u00e1ly Berta fia. Testv\u00e9re: Sz. N. Ilona, dr. L\u00e1ni Oszk\u00e1rn\u00e9. \u2013 Tanult a Grazi Egy. Orvosi Kar\u00e1n (1884\u2013). A bp.-i egyetemen szerezte diplom\u00e1j\u00e1t (1893\/94). Mv.-en volt k\u00f6rorvos. Mv.-en lef\u00e9nyk\u00e9pezett minden jelent\u0151s esem\u00e9nyt (19 sz. v\u00e9g\u00e9n \u00e9s a 20. sz. elej\u00e9n). R\u00e9szt vett a Bolyaiak exhum\u00e1l\u00e1s\u00e1n (1911. j\u00fan. 7.) \u00e9s lef\u00e9nyk\u00e9pezte azt. Az exhum\u00e1l\u00e1son r\u00e9sztvev\u0151 Bolyai J\u00e1nos fi\u00e1t, D\u00e9nest is meg\u00f6r\u00f6k\u00edtette f\u00e9nyk\u00e9peken \u00e9s a hangj\u00e1t is fonogr\u00e1fra vette. Az I. vh.-ban katonai szolg\u00e1latra \u00f6nk\u00e9nt jelentkezett, a r. k. gimn.-ban berendezett cs. \u00e9s kir. tartal\u00e9kk\u00f3rh\u00e1zban mint orvos-f\u0151n\u00f6k m\u0171k\u00f6d\u00f6tt. <br \/><strong>Irod.:<\/strong> Gy\u00e1szjelent\u0151; H\u00f6gyes; Kiss\u2013P\u00e9terffy\u2013P\u00e9terffy; Mv. \u00e9s a h\u00e1bor\u00fa 2.; Ol\u00e1h-G\u00e1l; Ol\u00e1h-G\u00e1l 2016; Ol\u00e1h-G\u00e1l R\u00f3bert: A r\u00e9gi Mv. egy modern orvosa (N\u00fa., Sz\u00ednes Vil\u00e1g, 2010. m\u00e1rc. 27.); \u00d6kr\u00f6s, Rugonfalvi Kiss; Szab\u00f3\u2013Simon\u2013Sz\u00f6gi.<\/br><\/p>\n","protected":false},"excerpt":{"rendered":"<p>Mv., 1865., \u2020\u00a0Mv., 1935. j\u00fan. 14.: orvos. \u2013 Sz. N. S\u00e1ndor orvos \u00e9s homor\u00f3dszentp\u00e1li Szentp\u00e1ly Berta fia. Testv\u00e9re: Sz. N. Ilona, dr. L\u00e1ni Oszk\u00e1rn\u00e9. \u2013 Tanult a Grazi Egy. Orvosi Kar\u00e1n (1884\u2013). A bp.-i egyetemen szerezte diplom\u00e1j\u00e1t (1893\/94). Mv.-en volt k\u00f6rorvos. Mv.-en lef\u00e9nyk\u00e9pezett minden jelent\u0151s esem\u00e9nyt (19 sz. v\u00e9g\u00e9n \u00e9s a 20. sz. elej\u00e9n). R\u00e9szt [&hellip;]<\/p>\n","protected":false},"featured_media":0,"comment_status":"open","ping_status":"closed","template":"","meta":[],"product_brand":[],"product_cat":[137],"product_tag":[],"class_list":{"0":"post-22331","1":"product","2":"type-product","3":"status-publish","5":"product_cat-maros-megyei-eletrajzi-lexikon","7":"first","8":"instock","9":"shipping-taxable","10":"product-type-simple"},"_links":{"self":[{"href":"https:\/\/uj.adatbank.ro\/lexikon\/wp-json\/wp\/v2\/product\/22331","targetHints":{"allow":["GET"]}}],"collection":[{"href":"https:\/\/uj.adatbank.ro\/lexikon\/wp-json\/wp\/v2\/product"}],"about":[{"href":"https:\/\/uj.adatbank.ro\/lexikon\/wp-json\/wp\/v2\/types\/product"}],"replies":[{"embeddable":true,"href":"https:\/\/uj.adatbank.ro\/lexikon\/wp-json\/wp\/v2\/comments?post=22331"}],"wp:attachment":[{"href":"https:\/\/uj.adatbank.ro\/lexikon\/wp-json\/wp\/v2\/media?parent=22331"}],"wp:term":[{"taxonomy":"product_brand","embeddable":true,"href":"https:\/\/uj.adatbank.ro\/lexikon\/wp-json\/wp\/v2\/product_brand?post=22331"},{"taxonomy":"product_cat","embeddable":true,"href":"https:\/\/uj.adatbank.ro\/lexikon\/wp-json\/wp\/v2\/product_cat?post=22331"},{"taxonomy":"product_tag","embeddable":true,"href":"https:\/\/uj.adatbank.ro\/lexikon\/wp-json\/wp\/v2\/product_tag?post=22331"}],"curies":[{"name":"wp","href":"https:\/\/api.w.org\/{rel}","templated":true}]}}