{"id":22334,"date":"2025-07-22T19:57:17","date_gmt":"2025-07-22T17:57:17","guid":{"rendered":"https:\/\/uj.adatbank.ro\/lexikon\/termek\/szilagyi-peter\/"},"modified":"2025-07-22T19:57:17","modified_gmt":"2025-07-22T17:57:17","slug":"szilagyi-peter","status":"publish","type":"product","link":"https:\/\/uj.adatbank.ro\/lexikon\/termek\/szilagyi-peter\/","title":{"rendered":"SZIL\u00c1GYI P\u00e9ter"},"content":{"rendered":"<p>? \u2020?: ?. <br \/><strong>Irod.:<\/strong> K\u00fclf\u00f6ld\u00f6n bujdos\u00f3 erd\u00e9lyi di\u00e1kok levelez\u00e9se. Szenved\u0151 papok, szenved\u0151 egyh\u00e1zak (Kv., 1933).<\/br><\/p>\n","protected":false},"excerpt":{"rendered":"<p>? \u2020?: ?. Irod.: K\u00fclf\u00f6ld\u00f6n bujdos\u00f3 erd\u00e9lyi di\u00e1kok levelez\u00e9se. Szenved\u0151 papok, szenved\u0151 egyh\u00e1zak (Kv., 1933).<\/p>\n","protected":false},"featured_media":0,"comment_status":"open","ping_status":"closed","template":"","meta":[],"product_brand":[],"product_cat":[137],"product_tag":[],"class_list":{"0":"post-22334","1":"product","2":"type-product","3":"status-publish","5":"product_cat-maros-megyei-eletrajzi-lexikon","7":"first","8":"instock","9":"shipping-taxable","10":"product-type-simple"},"_links":{"self":[{"href":"https:\/\/uj.adatbank.ro\/lexikon\/wp-json\/wp\/v2\/product\/22334","targetHints":{"allow":["GET"]}}],"collection":[{"href":"https:\/\/uj.adatbank.ro\/lexikon\/wp-json\/wp\/v2\/product"}],"about":[{"href":"https:\/\/uj.adatbank.ro\/lexikon\/wp-json\/wp\/v2\/types\/product"}],"replies":[{"embeddable":true,"href":"https:\/\/uj.adatbank.ro\/lexikon\/wp-json\/wp\/v2\/comments?post=22334"}],"wp:attachment":[{"href":"https:\/\/uj.adatbank.ro\/lexikon\/wp-json\/wp\/v2\/media?parent=22334"}],"wp:term":[{"taxonomy":"product_brand","embeddable":true,"href":"https:\/\/uj.adatbank.ro\/lexikon\/wp-json\/wp\/v2\/product_brand?post=22334"},{"taxonomy":"product_cat","embeddable":true,"href":"https:\/\/uj.adatbank.ro\/lexikon\/wp-json\/wp\/v2\/product_cat?post=22334"},{"taxonomy":"product_tag","embeddable":true,"href":"https:\/\/uj.adatbank.ro\/lexikon\/wp-json\/wp\/v2\/product_tag?post=22334"}],"curies":[{"name":"wp","href":"https:\/\/api.w.org\/{rel}","templated":true}]}}