{"id":22338,"date":"2025-07-22T19:57:26","date_gmt":"2025-07-22T17:57:26","guid":{"rendered":"https:\/\/uj.adatbank.ro\/lexikon\/termek\/szilagyi-sandor\/"},"modified":"2025-07-22T19:57:26","modified_gmt":"2025-07-22T17:57:26","slug":"szilagyi-sandor","status":"publish","type":"product","link":"https:\/\/uj.adatbank.ro\/lexikon\/termek\/szilagyi-sandor\/","title":{"rendered":"SZIL\u00c1GYI S\u00e1ndor"},"content":{"rendered":"<p>? \u2020?: esk\u00fcdt polg\u00e1r. \u2013 a Mv.-i esk\u00fcdt k\u00f6z\u00f6ns\u00e9g tagja (1791). <br \/><strong>Irod.:<\/strong> P\u00e1l-Antal 2006.<\/br><\/p>\n","protected":false},"excerpt":{"rendered":"<p>? \u2020?: esk\u00fcdt polg\u00e1r. \u2013 a Mv.-i esk\u00fcdt k\u00f6z\u00f6ns\u00e9g tagja (1791). Irod.: P\u00e1l-Antal 2006.<\/p>\n","protected":false},"featured_media":0,"comment_status":"open","ping_status":"closed","template":"","meta":[],"product_brand":[],"product_cat":[137],"product_tag":[],"class_list":{"0":"post-22338","1":"product","2":"type-product","3":"status-publish","5":"product_cat-maros-megyei-eletrajzi-lexikon","7":"first","8":"instock","9":"shipping-taxable","10":"product-type-simple"},"_links":{"self":[{"href":"https:\/\/uj.adatbank.ro\/lexikon\/wp-json\/wp\/v2\/product\/22338","targetHints":{"allow":["GET"]}}],"collection":[{"href":"https:\/\/uj.adatbank.ro\/lexikon\/wp-json\/wp\/v2\/product"}],"about":[{"href":"https:\/\/uj.adatbank.ro\/lexikon\/wp-json\/wp\/v2\/types\/product"}],"replies":[{"embeddable":true,"href":"https:\/\/uj.adatbank.ro\/lexikon\/wp-json\/wp\/v2\/comments?post=22338"}],"wp:attachment":[{"href":"https:\/\/uj.adatbank.ro\/lexikon\/wp-json\/wp\/v2\/media?parent=22338"}],"wp:term":[{"taxonomy":"product_brand","embeddable":true,"href":"https:\/\/uj.adatbank.ro\/lexikon\/wp-json\/wp\/v2\/product_brand?post=22338"},{"taxonomy":"product_cat","embeddable":true,"href":"https:\/\/uj.adatbank.ro\/lexikon\/wp-json\/wp\/v2\/product_cat?post=22338"},{"taxonomy":"product_tag","embeddable":true,"href":"https:\/\/uj.adatbank.ro\/lexikon\/wp-json\/wp\/v2\/product_tag?post=22338"}],"curies":[{"name":"wp","href":"https:\/\/api.w.org\/{rel}","templated":true}]}}