{"id":22339,"date":"2025-07-22T19:57:29","date_gmt":"2025-07-22T17:57:29","guid":{"rendered":"https:\/\/uj.adatbank.ro\/lexikon\/termek\/szilagyi-sandor-2\/"},"modified":"2025-07-22T19:57:29","modified_gmt":"2025-07-22T17:57:29","slug":"szilagyi-sandor-2","status":"publish","type":"product","link":"https:\/\/uj.adatbank.ro\/lexikon\/termek\/szilagyi-sandor-2\/","title":{"rendered":"SZIL\u00c1GYI S\u00e1ndor"},"content":{"rendered":"<p>1827. \u2020\u00a01899: t\u00f6rt\u00e9n\u00e9sz. \u2013 <strong>F. m.<\/strong>: Kem\u00e9ny J\u00e1nos kora; Okm\u00e1nyok az Erd\u00e9lyi Tud\u00f3st\u00e1rsas\u00e1gi igyekezetek t\u00f6rt\u00e9net\u00e9hez. <br \/><strong>Irod.:<\/strong> A MTA \u00e1ltal kiadott nyomtatv\u00e1nyok lajstroma (Bp., 1862).<\/br><\/p>\n","protected":false},"excerpt":{"rendered":"<p>1827. \u2020\u00a01899: t\u00f6rt\u00e9n\u00e9sz. \u2013 F. m.: Kem\u00e9ny J\u00e1nos kora; Okm\u00e1nyok az Erd\u00e9lyi Tud\u00f3st\u00e1rsas\u00e1gi igyekezetek t\u00f6rt\u00e9net\u00e9hez. Irod.: A MTA \u00e1ltal kiadott nyomtatv\u00e1nyok lajstroma (Bp., 1862).<\/p>\n","protected":false},"featured_media":0,"comment_status":"open","ping_status":"closed","template":"","meta":[],"product_brand":[],"product_cat":[137],"product_tag":[],"class_list":{"0":"post-22339","1":"product","2":"type-product","3":"status-publish","5":"product_cat-maros-megyei-eletrajzi-lexikon","7":"first","8":"instock","9":"shipping-taxable","10":"product-type-simple"},"_links":{"self":[{"href":"https:\/\/uj.adatbank.ro\/lexikon\/wp-json\/wp\/v2\/product\/22339","targetHints":{"allow":["GET"]}}],"collection":[{"href":"https:\/\/uj.adatbank.ro\/lexikon\/wp-json\/wp\/v2\/product"}],"about":[{"href":"https:\/\/uj.adatbank.ro\/lexikon\/wp-json\/wp\/v2\/types\/product"}],"replies":[{"embeddable":true,"href":"https:\/\/uj.adatbank.ro\/lexikon\/wp-json\/wp\/v2\/comments?post=22339"}],"wp:attachment":[{"href":"https:\/\/uj.adatbank.ro\/lexikon\/wp-json\/wp\/v2\/media?parent=22339"}],"wp:term":[{"taxonomy":"product_brand","embeddable":true,"href":"https:\/\/uj.adatbank.ro\/lexikon\/wp-json\/wp\/v2\/product_brand?post=22339"},{"taxonomy":"product_cat","embeddable":true,"href":"https:\/\/uj.adatbank.ro\/lexikon\/wp-json\/wp\/v2\/product_cat?post=22339"},{"taxonomy":"product_tag","embeddable":true,"href":"https:\/\/uj.adatbank.ro\/lexikon\/wp-json\/wp\/v2\/product_tag?post=22339"}],"curies":[{"name":"wp","href":"https:\/\/api.w.org\/{rel}","templated":true}]}}