{"id":2234,"date":"2025-06-28T12:07:49","date_gmt":"2025-06-28T10:07:49","guid":{"rendered":"https:\/\/uj.adatbank.ro\/lexikon\/termek\/banyai-istvan-banyai-stephanus\/"},"modified":"2025-06-28T12:07:49","modified_gmt":"2025-06-28T10:07:49","slug":"banyai-istvan-banyai-stephanus","status":"publish","type":"product","link":"https:\/\/uj.adatbank.ro\/lexikon\/termek\/banyai-istvan-banyai-stephanus\/","title":{"rendered":"B\u00c1NYAI Istv\u00e1n, B\u00e1nyai Stephanus"},"content":{"rendered":"<p>? \u2020\u00a0? : ref. lelk\u00e9sz. \u2013 Sz\u0151kefalv\u00e1n (1711\u201312), K\u00fck\u00fcll\u0151alm\u00e1son szolg\u00e1lt (1712\u201313). \u2013 <strong>F. m.:<\/strong> Dissertatio prima ad vaticinia Danielis de capite aureo statuae &#038; prima bestia cap. II: 32. VII. I. quam&#8230; praeside&#8230; Hermanno Venema&#8230; publice defendendam suscipiet (Franequerae, 1742). <br \/><strong>Irod.:<\/strong> K\u00fck\u00fcll\u0151i Ref. Egyh\u00e1zm. 3., 4.; Nagy L\u00e1szl\u00f3; RMK III\/18. sz<\/br><\/p>\n","protected":false},"excerpt":{"rendered":"<p>? \u2020\u00a0? : ref. lelk\u00e9sz. \u2013 Sz\u0151kefalv\u00e1n (1711\u201312), K\u00fck\u00fcll\u0151alm\u00e1son szolg\u00e1lt (1712\u201313). \u2013 F. m.: Dissertatio prima ad vaticinia Danielis de capite aureo statuae &#038; prima bestia cap. II: 32. VII. I. quam&#8230; praeside&#8230; Hermanno Venema&#8230; publice defendendam suscipiet (Franequerae, 1742). Irod.: K\u00fck\u00fcll\u0151i Ref. Egyh\u00e1zm. 3., 4.; Nagy L\u00e1szl\u00f3; RMK III\/18. sz<\/p>\n","protected":false},"featured_media":0,"comment_status":"open","ping_status":"closed","template":"","meta":[],"product_brand":[],"product_cat":[137],"product_tag":[],"class_list":{"0":"post-2234","1":"product","2":"type-product","3":"status-publish","5":"product_cat-maros-megyei-eletrajzi-lexikon","7":"first","8":"instock","9":"shipping-taxable","10":"product-type-simple"},"_links":{"self":[{"href":"https:\/\/uj.adatbank.ro\/lexikon\/wp-json\/wp\/v2\/product\/2234","targetHints":{"allow":["GET"]}}],"collection":[{"href":"https:\/\/uj.adatbank.ro\/lexikon\/wp-json\/wp\/v2\/product"}],"about":[{"href":"https:\/\/uj.adatbank.ro\/lexikon\/wp-json\/wp\/v2\/types\/product"}],"replies":[{"embeddable":true,"href":"https:\/\/uj.adatbank.ro\/lexikon\/wp-json\/wp\/v2\/comments?post=2234"}],"wp:attachment":[{"href":"https:\/\/uj.adatbank.ro\/lexikon\/wp-json\/wp\/v2\/media?parent=2234"}],"wp:term":[{"taxonomy":"product_brand","embeddable":true,"href":"https:\/\/uj.adatbank.ro\/lexikon\/wp-json\/wp\/v2\/product_brand?post=2234"},{"taxonomy":"product_cat","embeddable":true,"href":"https:\/\/uj.adatbank.ro\/lexikon\/wp-json\/wp\/v2\/product_cat?post=2234"},{"taxonomy":"product_tag","embeddable":true,"href":"https:\/\/uj.adatbank.ro\/lexikon\/wp-json\/wp\/v2\/product_tag?post=2234"}],"curies":[{"name":"wp","href":"https:\/\/api.w.org\/{rel}","templated":true}]}}