{"id":22342,"date":"2025-07-22T19:57:35","date_gmt":"2025-07-22T17:57:35","guid":{"rendered":"https:\/\/uj.adatbank.ro\/lexikon\/termek\/szilagyi-sandor-n\/"},"modified":"2025-07-22T19:57:35","modified_gmt":"2025-07-22T17:57:35","slug":"szilagyi-sandor-n","status":"publish","type":"product","link":"https:\/\/uj.adatbank.ro\/lexikon\/termek\/szilagyi-sandor-n\/","title":{"rendered":"SZIL\u00c1GYI S\u00e1ndor; N."},"content":{"rendered":"<p>Mv., 1865 \u2020?: orvos. \u2013 Apja orvos. \u2013 Tanult a Grazi Egy. Orvosi Kar\u00e1n (1884\u2013). Bizony\u00e1ra az a Sz. N. S\u00e1ndor, aki a XIX sz. v\u00e9g\u00e9n XX. sz elej\u00e9n (1911 is) Mv.-en volt orvos, k\u00f6rorvosk\u00e9nt a mv.-i cs. k. tartal\u00e9k-k\u00f3rh\u00e1z orvosf\u0151n\u00f6ke. <br \/><strong>Irod.:<\/strong> Szab\u00f3\u2013Simon\u2013Sz\u00f6gi.<\/br><\/p>\n","protected":false},"excerpt":{"rendered":"<p>Mv., 1865 \u2020?: orvos. \u2013 Apja orvos. \u2013 Tanult a Grazi Egy. Orvosi Kar\u00e1n (1884\u2013). Bizony\u00e1ra az a Sz. N. S\u00e1ndor, aki a XIX sz. v\u00e9g\u00e9n XX. sz elej\u00e9n (1911 is) Mv.-en volt orvos, k\u00f6rorvosk\u00e9nt a mv.-i cs. k. tartal\u00e9k-k\u00f3rh\u00e1z orvosf\u0151n\u00f6ke. Irod.: Szab\u00f3\u2013Simon\u2013Sz\u00f6gi.<\/p>\n","protected":false},"featured_media":0,"comment_status":"open","ping_status":"closed","template":"","meta":[],"product_brand":[],"product_cat":[137],"product_tag":[],"class_list":{"0":"post-22342","1":"product","2":"type-product","3":"status-publish","5":"product_cat-maros-megyei-eletrajzi-lexikon","7":"first","8":"instock","9":"shipping-taxable","10":"product-type-simple"},"_links":{"self":[{"href":"https:\/\/uj.adatbank.ro\/lexikon\/wp-json\/wp\/v2\/product\/22342","targetHints":{"allow":["GET"]}}],"collection":[{"href":"https:\/\/uj.adatbank.ro\/lexikon\/wp-json\/wp\/v2\/product"}],"about":[{"href":"https:\/\/uj.adatbank.ro\/lexikon\/wp-json\/wp\/v2\/types\/product"}],"replies":[{"embeddable":true,"href":"https:\/\/uj.adatbank.ro\/lexikon\/wp-json\/wp\/v2\/comments?post=22342"}],"wp:attachment":[{"href":"https:\/\/uj.adatbank.ro\/lexikon\/wp-json\/wp\/v2\/media?parent=22342"}],"wp:term":[{"taxonomy":"product_brand","embeddable":true,"href":"https:\/\/uj.adatbank.ro\/lexikon\/wp-json\/wp\/v2\/product_brand?post=22342"},{"taxonomy":"product_cat","embeddable":true,"href":"https:\/\/uj.adatbank.ro\/lexikon\/wp-json\/wp\/v2\/product_cat?post=22342"},{"taxonomy":"product_tag","embeddable":true,"href":"https:\/\/uj.adatbank.ro\/lexikon\/wp-json\/wp\/v2\/product_tag?post=22342"}],"curies":[{"name":"wp","href":"https:\/\/api.w.org\/{rel}","templated":true}]}}