{"id":22343,"date":"2025-07-22T19:57:36","date_gmt":"2025-07-22T17:57:36","guid":{"rendered":"https:\/\/uj.adatbank.ro\/lexikon\/termek\/szilagyi-sandor-akosfalvi\/"},"modified":"2025-07-22T19:57:36","modified_gmt":"2025-07-22T17:57:36","slug":"szilagyi-sandor-akosfalvi","status":"publish","type":"product","link":"https:\/\/uj.adatbank.ro\/lexikon\/termek\/szilagyi-sandor-akosfalvi\/","title":{"rendered":"SZIL\u00c1GYI S\u00e1ndor, \u00e1kosfalvi"},"content":{"rendered":"<p>? \u2020 \u00c1kosfalva, 1760.: f\u00f6ldbirtokos. \u2013 Marossz\u00e9ki alkir\u00e1lyb\u00edr\u00f3 (1743\u201345), a Marossz\u00e9k h\u00e1z\u00e1nak l\u00e9tes\u00edt\u00e9s\u00e9ben nagy szerepet vitt (1746), az \u00e1kosfalvi ref. templom \u00e9s az alatta tal\u00e1lhat\u00f3 kripta \u00e9p\u00edttet\u0151je (1752\u201353). Feles\u00e9g\u00e9vel, Patkos Judittal egy\u00fctt a kript\u00e1ban nyugszanak. A kir\u00e1lyi t\u00e1bla \u00fcln\u00f6ke, a marosi ref. egyh\u00e1zmegye gondnoka (1760). Egy alumnus r\u00e9sz\u00e9re 500, k\u00f6zalapra 1450 forintot adom\u00e1nyozott a ref. koll.-nak (1760). <br \/><strong>Irod.:<\/strong> \u00c1kosfalva; Kr\u00f3n. F\u00fcz. (1940. 4\/10); MMMM; Nagy Iv\u00e1n; P\u00e1lmay.<\/br><\/p>\n","protected":false},"excerpt":{"rendered":"<p>? \u2020 \u00c1kosfalva, 1760.: f\u00f6ldbirtokos. \u2013 Marossz\u00e9ki alkir\u00e1lyb\u00edr\u00f3 (1743\u201345), a Marossz\u00e9k h\u00e1z\u00e1nak l\u00e9tes\u00edt\u00e9s\u00e9ben nagy szerepet vitt (1746), az \u00e1kosfalvi ref. templom \u00e9s az alatta tal\u00e1lhat\u00f3 kripta \u00e9p\u00edttet\u0151je (1752\u201353). Feles\u00e9g\u00e9vel, Patkos Judittal egy\u00fctt a kript\u00e1ban nyugszanak. A kir\u00e1lyi t\u00e1bla \u00fcln\u00f6ke, a marosi ref. egyh\u00e1zmegye gondnoka (1760). Egy alumnus r\u00e9sz\u00e9re 500, k\u00f6zalapra 1450 forintot adom\u00e1nyozott a ref. [&hellip;]<\/p>\n","protected":false},"featured_media":0,"comment_status":"open","ping_status":"closed","template":"","meta":[],"product_brand":[],"product_cat":[137],"product_tag":[],"class_list":{"0":"post-22343","1":"product","2":"type-product","3":"status-publish","5":"product_cat-maros-megyei-eletrajzi-lexikon","7":"first","8":"instock","9":"shipping-taxable","10":"product-type-simple"},"_links":{"self":[{"href":"https:\/\/uj.adatbank.ro\/lexikon\/wp-json\/wp\/v2\/product\/22343","targetHints":{"allow":["GET"]}}],"collection":[{"href":"https:\/\/uj.adatbank.ro\/lexikon\/wp-json\/wp\/v2\/product"}],"about":[{"href":"https:\/\/uj.adatbank.ro\/lexikon\/wp-json\/wp\/v2\/types\/product"}],"replies":[{"embeddable":true,"href":"https:\/\/uj.adatbank.ro\/lexikon\/wp-json\/wp\/v2\/comments?post=22343"}],"wp:attachment":[{"href":"https:\/\/uj.adatbank.ro\/lexikon\/wp-json\/wp\/v2\/media?parent=22343"}],"wp:term":[{"taxonomy":"product_brand","embeddable":true,"href":"https:\/\/uj.adatbank.ro\/lexikon\/wp-json\/wp\/v2\/product_brand?post=22343"},{"taxonomy":"product_cat","embeddable":true,"href":"https:\/\/uj.adatbank.ro\/lexikon\/wp-json\/wp\/v2\/product_cat?post=22343"},{"taxonomy":"product_tag","embeddable":true,"href":"https:\/\/uj.adatbank.ro\/lexikon\/wp-json\/wp\/v2\/product_tag?post=22343"}],"curies":[{"name":"wp","href":"https:\/\/api.w.org\/{rel}","templated":true}]}}