{"id":22344,"date":"2025-07-22T19:57:39","date_gmt":"2025-07-22T17:57:39","guid":{"rendered":"https:\/\/uj.adatbank.ro\/lexikon\/termek\/szilagyi-sandor-akosfalvi-2\/"},"modified":"2025-07-22T19:57:39","modified_gmt":"2025-07-22T17:57:39","slug":"szilagyi-sandor-akosfalvi-2","status":"publish","type":"product","link":"https:\/\/uj.adatbank.ro\/lexikon\/termek\/szilagyi-sandor-akosfalvi-2\/","title":{"rendered":"SZIL\u00c1GYI S\u00e1ndor, \u00e1kosfalvi"},"content":{"rendered":"<p>\u00c1kosfalva? \u2020?: sz\u00edn\u00e9sz. \u2013 A Nemzeti Sz\u00ednh\u00e1z tagja, az \u00dajpesti ref. egyh\u00e1z f\u0151gondnoka. \u00cdrt egy sz\u00edndarabot is. <br \/><strong>Irod.:<\/strong> Rugonfalvi Kiss.<\/br><\/p>\n","protected":false},"excerpt":{"rendered":"<p>\u00c1kosfalva? \u2020?: sz\u00edn\u00e9sz. \u2013 A Nemzeti Sz\u00ednh\u00e1z tagja, az \u00dajpesti ref. egyh\u00e1z f\u0151gondnoka. \u00cdrt egy sz\u00edndarabot is. Irod.: Rugonfalvi Kiss.<\/p>\n","protected":false},"featured_media":0,"comment_status":"open","ping_status":"closed","template":"","meta":[],"product_brand":[],"product_cat":[137],"product_tag":[],"class_list":{"0":"post-22344","1":"product","2":"type-product","3":"status-publish","5":"product_cat-maros-megyei-eletrajzi-lexikon","7":"first","8":"instock","9":"shipping-taxable","10":"product-type-simple"},"_links":{"self":[{"href":"https:\/\/uj.adatbank.ro\/lexikon\/wp-json\/wp\/v2\/product\/22344","targetHints":{"allow":["GET"]}}],"collection":[{"href":"https:\/\/uj.adatbank.ro\/lexikon\/wp-json\/wp\/v2\/product"}],"about":[{"href":"https:\/\/uj.adatbank.ro\/lexikon\/wp-json\/wp\/v2\/types\/product"}],"replies":[{"embeddable":true,"href":"https:\/\/uj.adatbank.ro\/lexikon\/wp-json\/wp\/v2\/comments?post=22344"}],"wp:attachment":[{"href":"https:\/\/uj.adatbank.ro\/lexikon\/wp-json\/wp\/v2\/media?parent=22344"}],"wp:term":[{"taxonomy":"product_brand","embeddable":true,"href":"https:\/\/uj.adatbank.ro\/lexikon\/wp-json\/wp\/v2\/product_brand?post=22344"},{"taxonomy":"product_cat","embeddable":true,"href":"https:\/\/uj.adatbank.ro\/lexikon\/wp-json\/wp\/v2\/product_cat?post=22344"},{"taxonomy":"product_tag","embeddable":true,"href":"https:\/\/uj.adatbank.ro\/lexikon\/wp-json\/wp\/v2\/product_tag?post=22344"}],"curies":[{"name":"wp","href":"https:\/\/api.w.org\/{rel}","templated":true}]}}