{"id":22346,"date":"2025-07-22T19:57:45","date_gmt":"2025-07-22T17:57:45","guid":{"rendered":"https:\/\/uj.adatbank.ro\/lexikon\/termek\/szilagyi-szakal-mihaly\/"},"modified":"2025-07-22T19:57:45","modified_gmt":"2025-07-22T17:57:45","slug":"szilagyi-szakal-mihaly","status":"publish","type":"product","link":"https:\/\/uj.adatbank.ro\/lexikon\/termek\/szilagyi-szakal-mihaly\/","title":{"rendered":"SZIL\u00c1GYI SZAK\u00c1L Mih\u00e1ly"},"content":{"rendered":"<p>G\u00f3g\u00e1nv\u00e1ralja? \u2020?: ref. lelk\u00e9sz. \u2013 Feles\u00e9ge Bordi Anna. \u2013 Mv.-en subscrib\u00e1lt (1783). Az erd\u0151szentgy\u00f6rgyi zsinaton ordin\u00e1lt\u00e1k (1790). Marosugr\u00e1n szolg\u00e1lt (1790\u20131803). <br \/><strong>Irod.:<\/strong> K\u00fck\u00fcll\u0151i Ref. Egyh\u00e1zm. 4.<\/br><\/p>\n","protected":false},"excerpt":{"rendered":"<p>G\u00f3g\u00e1nv\u00e1ralja? \u2020?: ref. lelk\u00e9sz. \u2013 Feles\u00e9ge Bordi Anna. \u2013 Mv.-en subscrib\u00e1lt (1783). Az erd\u0151szentgy\u00f6rgyi zsinaton ordin\u00e1lt\u00e1k (1790). Marosugr\u00e1n szolg\u00e1lt (1790\u20131803). Irod.: K\u00fck\u00fcll\u0151i Ref. Egyh\u00e1zm. 4.<\/p>\n","protected":false},"featured_media":0,"comment_status":"open","ping_status":"closed","template":"","meta":[],"product_brand":[],"product_cat":[137],"product_tag":[],"class_list":{"0":"post-22346","1":"product","2":"type-product","3":"status-publish","5":"product_cat-maros-megyei-eletrajzi-lexikon","7":"first","8":"instock","9":"shipping-taxable","10":"product-type-simple"},"_links":{"self":[{"href":"https:\/\/uj.adatbank.ro\/lexikon\/wp-json\/wp\/v2\/product\/22346","targetHints":{"allow":["GET"]}}],"collection":[{"href":"https:\/\/uj.adatbank.ro\/lexikon\/wp-json\/wp\/v2\/product"}],"about":[{"href":"https:\/\/uj.adatbank.ro\/lexikon\/wp-json\/wp\/v2\/types\/product"}],"replies":[{"embeddable":true,"href":"https:\/\/uj.adatbank.ro\/lexikon\/wp-json\/wp\/v2\/comments?post=22346"}],"wp:attachment":[{"href":"https:\/\/uj.adatbank.ro\/lexikon\/wp-json\/wp\/v2\/media?parent=22346"}],"wp:term":[{"taxonomy":"product_brand","embeddable":true,"href":"https:\/\/uj.adatbank.ro\/lexikon\/wp-json\/wp\/v2\/product_brand?post=22346"},{"taxonomy":"product_cat","embeddable":true,"href":"https:\/\/uj.adatbank.ro\/lexikon\/wp-json\/wp\/v2\/product_cat?post=22346"},{"taxonomy":"product_tag","embeddable":true,"href":"https:\/\/uj.adatbank.ro\/lexikon\/wp-json\/wp\/v2\/product_tag?post=22346"}],"curies":[{"name":"wp","href":"https:\/\/api.w.org\/{rel}","templated":true}]}}