{"id":22351,"date":"2025-07-22T19:57:55","date_gmt":"2025-07-22T17:57:55","guid":{"rendered":"https:\/\/uj.adatbank.ro\/lexikon\/termek\/szilard-samu\/"},"modified":"2025-07-22T19:57:55","modified_gmt":"2025-07-22T17:57:55","slug":"szilard-samu","status":"publish","type":"product","link":"https:\/\/uj.adatbank.ro\/lexikon\/termek\/szilard-samu\/","title":{"rendered":"SZIL\u00c1RD Samu"},"content":{"rendered":"<p>V\u00e1mos, 1880, \u2020?: keresked\u0151. \u2013 Fakeresked\u0151 Mv.-en. \u2013 T\u00e9nyleges katonai szolg\u00e1latot teljes\u00edtett (1901). R\u00e9szt vett az I. vh.-ban (1914\u201318), az orosz fronton harcolt. Gazd\u00e1szati hadnagyi rangban szerelt le kit\u00fcntet\u00e9sekkel. Mv.-r\u0151l a feles\u00e9g\u00e9vel (1886) egy\u00fctt deport\u00e1lt\u00e1k (1944. m\u00e1j. 29.). <br \/><strong>Irod.:<\/strong> Erd\u00e9lyi ezredek; Mv. zsid\u00f3s\u00e1ga.<\/br><\/p>\n","protected":false},"excerpt":{"rendered":"<p>V\u00e1mos, 1880, \u2020?: keresked\u0151. \u2013 Fakeresked\u0151 Mv.-en. \u2013 T\u00e9nyleges katonai szolg\u00e1latot teljes\u00edtett (1901). R\u00e9szt vett az I. vh.-ban (1914\u201318), az orosz fronton harcolt. Gazd\u00e1szati hadnagyi rangban szerelt le kit\u00fcntet\u00e9sekkel. Mv.-r\u0151l a feles\u00e9g\u00e9vel (1886) egy\u00fctt deport\u00e1lt\u00e1k (1944. m\u00e1j. 29.). Irod.: Erd\u00e9lyi ezredek; Mv. zsid\u00f3s\u00e1ga.<\/p>\n","protected":false},"featured_media":0,"comment_status":"open","ping_status":"closed","template":"","meta":[],"product_brand":[],"product_cat":[137],"product_tag":[],"class_list":{"0":"post-22351","1":"product","2":"type-product","3":"status-publish","5":"product_cat-maros-megyei-eletrajzi-lexikon","7":"first","8":"instock","9":"shipping-taxable","10":"product-type-simple"},"_links":{"self":[{"href":"https:\/\/uj.adatbank.ro\/lexikon\/wp-json\/wp\/v2\/product\/22351","targetHints":{"allow":["GET"]}}],"collection":[{"href":"https:\/\/uj.adatbank.ro\/lexikon\/wp-json\/wp\/v2\/product"}],"about":[{"href":"https:\/\/uj.adatbank.ro\/lexikon\/wp-json\/wp\/v2\/types\/product"}],"replies":[{"embeddable":true,"href":"https:\/\/uj.adatbank.ro\/lexikon\/wp-json\/wp\/v2\/comments?post=22351"}],"wp:attachment":[{"href":"https:\/\/uj.adatbank.ro\/lexikon\/wp-json\/wp\/v2\/media?parent=22351"}],"wp:term":[{"taxonomy":"product_brand","embeddable":true,"href":"https:\/\/uj.adatbank.ro\/lexikon\/wp-json\/wp\/v2\/product_brand?post=22351"},{"taxonomy":"product_cat","embeddable":true,"href":"https:\/\/uj.adatbank.ro\/lexikon\/wp-json\/wp\/v2\/product_cat?post=22351"},{"taxonomy":"product_tag","embeddable":true,"href":"https:\/\/uj.adatbank.ro\/lexikon\/wp-json\/wp\/v2\/product_tag?post=22351"}],"curies":[{"name":"wp","href":"https:\/\/api.w.org\/{rel}","templated":true}]}}