{"id":22352,"date":"2025-07-22T19:57:57","date_gmt":"2025-07-22T17:57:57","guid":{"rendered":"https:\/\/uj.adatbank.ro\/lexikon\/termek\/szilassy-agnes-pilisi\/"},"modified":"2025-07-22T19:57:57","modified_gmt":"2025-07-22T17:57:57","slug":"szilassy-agnes-pilisi","status":"publish","type":"product","link":"https:\/\/uj.adatbank.ro\/lexikon\/termek\/szilassy-agnes-pilisi\/","title":{"rendered":"SZILASSY \u00c1gnes, pilisi"},"content":{"rendered":"<p>1795., \u2020\u00a01868.: Sz. J\u00f3zsef korona\u0151r \u00e9s Incz\u00e9di Kata le\u00e1nya. F\u00e9rje: lozs\u00e1di br. Gy\u00f6rffy P\u00e1l (1793\u20131871). A harangl\u00e1bi egyh\u00e1zk\u00f6zs\u00e9gnek ez\u00fcst keny\u00e9roszt\u00f3 t\u00e1ny\u00e9rt \u00e9s selyem takar\u00f3t adom\u00e1nyozott (1828). Jelent\u0151sen t\u00e1mogatta a d\u00e9sfalvi ref. egyh\u00e1zat, a templom\u00e9p\u00edt\u00e9st (1861). <br \/><strong>Irod.:<\/strong> K\u00fck\u00fcll\u0151i Ref. Egyh\u00e1zm. 2.<\/br><\/p>\n","protected":false},"excerpt":{"rendered":"<p>1795., \u2020\u00a01868.: Sz. J\u00f3zsef korona\u0151r \u00e9s Incz\u00e9di Kata le\u00e1nya. F\u00e9rje: lozs\u00e1di br. Gy\u00f6rffy P\u00e1l (1793\u20131871). A harangl\u00e1bi egyh\u00e1zk\u00f6zs\u00e9gnek ez\u00fcst keny\u00e9roszt\u00f3 t\u00e1ny\u00e9rt \u00e9s selyem takar\u00f3t adom\u00e1nyozott (1828). Jelent\u0151sen t\u00e1mogatta a d\u00e9sfalvi ref. egyh\u00e1zat, a templom\u00e9p\u00edt\u00e9st (1861). Irod.: K\u00fck\u00fcll\u0151i Ref. Egyh\u00e1zm. 2.<\/p>\n","protected":false},"featured_media":0,"comment_status":"open","ping_status":"closed","template":"","meta":[],"product_brand":[],"product_cat":[137],"product_tag":[],"class_list":{"0":"post-22352","1":"product","2":"type-product","3":"status-publish","5":"product_cat-maros-megyei-eletrajzi-lexikon","7":"first","8":"instock","9":"shipping-taxable","10":"product-type-simple"},"_links":{"self":[{"href":"https:\/\/uj.adatbank.ro\/lexikon\/wp-json\/wp\/v2\/product\/22352","targetHints":{"allow":["GET"]}}],"collection":[{"href":"https:\/\/uj.adatbank.ro\/lexikon\/wp-json\/wp\/v2\/product"}],"about":[{"href":"https:\/\/uj.adatbank.ro\/lexikon\/wp-json\/wp\/v2\/types\/product"}],"replies":[{"embeddable":true,"href":"https:\/\/uj.adatbank.ro\/lexikon\/wp-json\/wp\/v2\/comments?post=22352"}],"wp:attachment":[{"href":"https:\/\/uj.adatbank.ro\/lexikon\/wp-json\/wp\/v2\/media?parent=22352"}],"wp:term":[{"taxonomy":"product_brand","embeddable":true,"href":"https:\/\/uj.adatbank.ro\/lexikon\/wp-json\/wp\/v2\/product_brand?post=22352"},{"taxonomy":"product_cat","embeddable":true,"href":"https:\/\/uj.adatbank.ro\/lexikon\/wp-json\/wp\/v2\/product_cat?post=22352"},{"taxonomy":"product_tag","embeddable":true,"href":"https:\/\/uj.adatbank.ro\/lexikon\/wp-json\/wp\/v2\/product_tag?post=22352"}],"curies":[{"name":"wp","href":"https:\/\/api.w.org\/{rel}","templated":true}]}}