{"id":22364,"date":"2025-07-22T19:58:21","date_gmt":"2025-07-22T17:58:21","guid":{"rendered":"https:\/\/uj.adatbank.ro\/lexikon\/termek\/szima-zoltan\/"},"modified":"2025-07-22T19:58:21","modified_gmt":"2025-07-22T17:58:21","slug":"szima-zoltan","status":"publish","type":"product","link":"https:\/\/uj.adatbank.ro\/lexikon\/termek\/szima-zoltan\/","title":{"rendered":"SZIMA Zolt\u00e1n"},"content":{"rendered":"<p>1927?, \u2020\u00a0Segesv\u00e1r, 1989. m\u00e1j. 21.: orvos. <br \/><strong>Irod.:<\/strong> [Nekrol\u00f3g] (V. Z., 1989. m\u00e1j. 23.).<\/br><\/p>\n","protected":false},"excerpt":{"rendered":"<p>1927?, \u2020\u00a0Segesv\u00e1r, 1989. m\u00e1j. 21.: orvos. Irod.: [Nekrol\u00f3g] (V. Z., 1989. m\u00e1j. 23.).<\/p>\n","protected":false},"featured_media":0,"comment_status":"open","ping_status":"closed","template":"","meta":[],"product_brand":[],"product_cat":[137],"product_tag":[],"class_list":{"0":"post-22364","1":"product","2":"type-product","3":"status-publish","5":"product_cat-maros-megyei-eletrajzi-lexikon","7":"first","8":"instock","9":"shipping-taxable","10":"product-type-simple"},"_links":{"self":[{"href":"https:\/\/uj.adatbank.ro\/lexikon\/wp-json\/wp\/v2\/product\/22364","targetHints":{"allow":["GET"]}}],"collection":[{"href":"https:\/\/uj.adatbank.ro\/lexikon\/wp-json\/wp\/v2\/product"}],"about":[{"href":"https:\/\/uj.adatbank.ro\/lexikon\/wp-json\/wp\/v2\/types\/product"}],"replies":[{"embeddable":true,"href":"https:\/\/uj.adatbank.ro\/lexikon\/wp-json\/wp\/v2\/comments?post=22364"}],"wp:attachment":[{"href":"https:\/\/uj.adatbank.ro\/lexikon\/wp-json\/wp\/v2\/media?parent=22364"}],"wp:term":[{"taxonomy":"product_brand","embeddable":true,"href":"https:\/\/uj.adatbank.ro\/lexikon\/wp-json\/wp\/v2\/product_brand?post=22364"},{"taxonomy":"product_cat","embeddable":true,"href":"https:\/\/uj.adatbank.ro\/lexikon\/wp-json\/wp\/v2\/product_cat?post=22364"},{"taxonomy":"product_tag","embeddable":true,"href":"https:\/\/uj.adatbank.ro\/lexikon\/wp-json\/wp\/v2\/product_tag?post=22364"}],"curies":[{"name":"wp","href":"https:\/\/api.w.org\/{rel}","templated":true}]}}