{"id":22371,"date":"2025-07-22T19:58:37","date_gmt":"2025-07-22T17:58:37","guid":{"rendered":"https:\/\/uj.adatbank.ro\/lexikon\/termek\/szitak-lorinc\/"},"modified":"2025-07-22T19:58:37","modified_gmt":"2025-07-22T17:58:37","slug":"szitak-lorinc","status":"publish","type":"product","link":"https:\/\/uj.adatbank.ro\/lexikon\/termek\/szitak-lorinc\/","title":{"rendered":"SZIT\u00c1K L\u0151rinc"},"content":{"rendered":"<p>? \u2020?: f\u0151hadnagy. \u2013 Marossz\u00e9ki f\u0151hadnagy (1494, 1495), f\u0151b\u00edr\u00f3 (1499, 1501). <br \/><strong>Irod.:<\/strong> Aranka.<\/br><\/p>\n","protected":false},"excerpt":{"rendered":"<p>? \u2020?: f\u0151hadnagy. \u2013 Marossz\u00e9ki f\u0151hadnagy (1494, 1495), f\u0151b\u00edr\u00f3 (1499, 1501). Irod.: Aranka.<\/p>\n","protected":false},"featured_media":0,"comment_status":"open","ping_status":"closed","template":"","meta":[],"product_brand":[],"product_cat":[137],"product_tag":[],"class_list":{"0":"post-22371","1":"product","2":"type-product","3":"status-publish","5":"product_cat-maros-megyei-eletrajzi-lexikon","7":"first","8":"instock","9":"shipping-taxable","10":"product-type-simple"},"_links":{"self":[{"href":"https:\/\/uj.adatbank.ro\/lexikon\/wp-json\/wp\/v2\/product\/22371","targetHints":{"allow":["GET"]}}],"collection":[{"href":"https:\/\/uj.adatbank.ro\/lexikon\/wp-json\/wp\/v2\/product"}],"about":[{"href":"https:\/\/uj.adatbank.ro\/lexikon\/wp-json\/wp\/v2\/types\/product"}],"replies":[{"embeddable":true,"href":"https:\/\/uj.adatbank.ro\/lexikon\/wp-json\/wp\/v2\/comments?post=22371"}],"wp:attachment":[{"href":"https:\/\/uj.adatbank.ro\/lexikon\/wp-json\/wp\/v2\/media?parent=22371"}],"wp:term":[{"taxonomy":"product_brand","embeddable":true,"href":"https:\/\/uj.adatbank.ro\/lexikon\/wp-json\/wp\/v2\/product_brand?post=22371"},{"taxonomy":"product_cat","embeddable":true,"href":"https:\/\/uj.adatbank.ro\/lexikon\/wp-json\/wp\/v2\/product_cat?post=22371"},{"taxonomy":"product_tag","embeddable":true,"href":"https:\/\/uj.adatbank.ro\/lexikon\/wp-json\/wp\/v2\/product_tag?post=22371"}],"curies":[{"name":"wp","href":"https:\/\/api.w.org\/{rel}","templated":true}]}}