{"id":22375,"date":"2025-07-22T19:58:45","date_gmt":"2025-07-22T17:58:45","guid":{"rendered":"https:\/\/uj.adatbank.ro\/lexikon\/termek\/szlavik-nandor\/"},"modified":"2025-07-22T19:58:45","modified_gmt":"2025-07-22T17:58:45","slug":"szlavik-nandor","status":"publish","type":"product","link":"https:\/\/uj.adatbank.ro\/lexikon\/termek\/szlavik-nandor\/","title":{"rendered":"SZL\u00c1VIK N\u00e1ndor"},"content":{"rendered":"<p>1857, \u2020 1929: erd\u0151m\u00e9rn\u00f6k, vad\u00e1szati szak\u00edr\u00f3, a Vad\u00e1sz\u00fajs\u00e1g f\u0151munkat\u00e1rsa. <br \/><strong>Irod.:<\/strong> K\u00e1d\u00e1r Zsombor: Elfelejtett vad\u00e1szati szak\u00edr\u00f3k = K\u00e1d\u00e1r Zsombor: Sz\u00e9kelyf\u00f6ldi erd\u00e9szeti arck\u00e9pcsarnok (Bp., 1999).<\/br><\/p>\n","protected":false},"excerpt":{"rendered":"<p>1857, \u2020 1929: erd\u0151m\u00e9rn\u00f6k, vad\u00e1szati szak\u00edr\u00f3, a Vad\u00e1sz\u00fajs\u00e1g f\u0151munkat\u00e1rsa. Irod.: K\u00e1d\u00e1r Zsombor: Elfelejtett vad\u00e1szati szak\u00edr\u00f3k = K\u00e1d\u00e1r Zsombor: Sz\u00e9kelyf\u00f6ldi erd\u00e9szeti arck\u00e9pcsarnok (Bp., 1999).<\/p>\n","protected":false},"featured_media":0,"comment_status":"open","ping_status":"closed","template":"","meta":[],"product_brand":[],"product_cat":[137],"product_tag":[],"class_list":{"0":"post-22375","1":"product","2":"type-product","3":"status-publish","5":"product_cat-maros-megyei-eletrajzi-lexikon","7":"first","8":"instock","9":"shipping-taxable","10":"product-type-simple"},"_links":{"self":[{"href":"https:\/\/uj.adatbank.ro\/lexikon\/wp-json\/wp\/v2\/product\/22375","targetHints":{"allow":["GET"]}}],"collection":[{"href":"https:\/\/uj.adatbank.ro\/lexikon\/wp-json\/wp\/v2\/product"}],"about":[{"href":"https:\/\/uj.adatbank.ro\/lexikon\/wp-json\/wp\/v2\/types\/product"}],"replies":[{"embeddable":true,"href":"https:\/\/uj.adatbank.ro\/lexikon\/wp-json\/wp\/v2\/comments?post=22375"}],"wp:attachment":[{"href":"https:\/\/uj.adatbank.ro\/lexikon\/wp-json\/wp\/v2\/media?parent=22375"}],"wp:term":[{"taxonomy":"product_brand","embeddable":true,"href":"https:\/\/uj.adatbank.ro\/lexikon\/wp-json\/wp\/v2\/product_brand?post=22375"},{"taxonomy":"product_cat","embeddable":true,"href":"https:\/\/uj.adatbank.ro\/lexikon\/wp-json\/wp\/v2\/product_cat?post=22375"},{"taxonomy":"product_tag","embeddable":true,"href":"https:\/\/uj.adatbank.ro\/lexikon\/wp-json\/wp\/v2\/product_tag?post=22375"}],"curies":[{"name":"wp","href":"https:\/\/api.w.org\/{rel}","templated":true}]}}