{"id":22381,"date":"2025-07-22T19:59:00","date_gmt":"2025-07-22T17:59:00","guid":{"rendered":"https:\/\/uj.adatbank.ro\/lexikon\/termek\/szobi-mihaly\/"},"modified":"2025-07-22T19:59:00","modified_gmt":"2025-07-22T17:59:00","slug":"szobi-mihaly","status":"publish","type":"product","link":"https:\/\/uj.adatbank.ro\/lexikon\/termek\/szobi-mihaly\/","title":{"rendered":"SZOBI Mih\u00e1ly"},"content":{"rendered":"<p>? \u2020?: nemes. \u2013 A k\u00f6znemess\u00e9g vez\u00e9re, \u00e9s k\u00e9pvisel\u0151je a kir. tan\u00e1csban. Ongor J\u00e1nos ut\u00e1n a marosv\u00e9csi v\u00e1r a birtok\u00e1ba ker\u00fclt (1507). H\u00edv\u00e9nek \u00e9s titk\u00e1r\u00e1nak \u00e9s \u00fcgyv\u00e9dj\u00e9nek, Werb\u0151czi Istv\u00e1nnak adta a v\u00e9csi v\u00e1rat. <br \/><strong>Irod.:<\/strong> Maros megye; Sz\u00e9pr\u00e9ti: R\u00e9gi \u00e9s \u00faj vil\u00e1g.<\/br><\/p>\n","protected":false},"excerpt":{"rendered":"<p>? \u2020?: nemes. \u2013 A k\u00f6znemess\u00e9g vez\u00e9re, \u00e9s k\u00e9pvisel\u0151je a kir. tan\u00e1csban. Ongor J\u00e1nos ut\u00e1n a marosv\u00e9csi v\u00e1r a birtok\u00e1ba ker\u00fclt (1507). H\u00edv\u00e9nek \u00e9s titk\u00e1r\u00e1nak \u00e9s \u00fcgyv\u00e9dj\u00e9nek, Werb\u0151czi Istv\u00e1nnak adta a v\u00e9csi v\u00e1rat. Irod.: Maros megye; Sz\u00e9pr\u00e9ti: R\u00e9gi \u00e9s \u00faj vil\u00e1g.<\/p>\n","protected":false},"featured_media":0,"comment_status":"open","ping_status":"closed","template":"","meta":[],"product_brand":[],"product_cat":[137],"product_tag":[],"class_list":{"0":"post-22381","1":"product","2":"type-product","3":"status-publish","5":"product_cat-maros-megyei-eletrajzi-lexikon","7":"first","8":"instock","9":"shipping-taxable","10":"product-type-simple"},"_links":{"self":[{"href":"https:\/\/uj.adatbank.ro\/lexikon\/wp-json\/wp\/v2\/product\/22381","targetHints":{"allow":["GET"]}}],"collection":[{"href":"https:\/\/uj.adatbank.ro\/lexikon\/wp-json\/wp\/v2\/product"}],"about":[{"href":"https:\/\/uj.adatbank.ro\/lexikon\/wp-json\/wp\/v2\/types\/product"}],"replies":[{"embeddable":true,"href":"https:\/\/uj.adatbank.ro\/lexikon\/wp-json\/wp\/v2\/comments?post=22381"}],"wp:attachment":[{"href":"https:\/\/uj.adatbank.ro\/lexikon\/wp-json\/wp\/v2\/media?parent=22381"}],"wp:term":[{"taxonomy":"product_brand","embeddable":true,"href":"https:\/\/uj.adatbank.ro\/lexikon\/wp-json\/wp\/v2\/product_brand?post=22381"},{"taxonomy":"product_cat","embeddable":true,"href":"https:\/\/uj.adatbank.ro\/lexikon\/wp-json\/wp\/v2\/product_cat?post=22381"},{"taxonomy":"product_tag","embeddable":true,"href":"https:\/\/uj.adatbank.ro\/lexikon\/wp-json\/wp\/v2\/product_tag?post=22381"}],"curies":[{"name":"wp","href":"https:\/\/api.w.org\/{rel}","templated":true}]}}