{"id":22383,"date":"2025-07-22T19:59:04","date_gmt":"2025-07-22T17:59:04","guid":{"rendered":"https:\/\/uj.adatbank.ro\/lexikon\/termek\/szoboszlai-andras\/"},"modified":"2025-07-22T19:59:04","modified_gmt":"2025-07-22T17:59:04","slug":"szoboszlai-andras","status":"publish","type":"product","link":"https:\/\/uj.adatbank.ro\/lexikon\/termek\/szoboszlai-andras\/","title":{"rendered":"SZOBOSZLAI Andr\u00e1s"},"content":{"rendered":"<p>? \u2020?: tan\u00edt\u00f3. \u2013 Feles\u00e9ge Sz\u00e9kely Kata (1741? \u20131793). \u2013 S\u00e1romberk\u00e9n (1751\u201352). G\u00f6rg\u00e9nyszentimr\u00e9n (1767\u201368), Marosv\u00e9csen (1774\u201377 \u2013 orgonista), Nagyercs\u00e9ben (1778\u201383 \u2013 orgonista is), B\u00f3j\u00e1ban \u00e9s Disznaj\u00f3n (1792\u20131802 \u2013 orgonista is) volt mester. <br \/><strong>Irod.:<\/strong> \u0150sz; S\u00e1romberke.<\/br><\/p>\n","protected":false},"excerpt":{"rendered":"<p>? \u2020?: tan\u00edt\u00f3. \u2013 Feles\u00e9ge Sz\u00e9kely Kata (1741? \u20131793). \u2013 S\u00e1romberk\u00e9n (1751\u201352). G\u00f6rg\u00e9nyszentimr\u00e9n (1767\u201368), Marosv\u00e9csen (1774\u201377 \u2013 orgonista), Nagyercs\u00e9ben (1778\u201383 \u2013 orgonista is), B\u00f3j\u00e1ban \u00e9s Disznaj\u00f3n (1792\u20131802 \u2013 orgonista is) volt mester. Irod.: \u0150sz; S\u00e1romberke.<\/p>\n","protected":false},"featured_media":0,"comment_status":"open","ping_status":"closed","template":"","meta":[],"product_brand":[],"product_cat":[137],"product_tag":[],"class_list":{"0":"post-22383","1":"product","2":"type-product","3":"status-publish","5":"product_cat-maros-megyei-eletrajzi-lexikon","7":"first","8":"instock","9":"shipping-taxable","10":"product-type-simple"},"_links":{"self":[{"href":"https:\/\/uj.adatbank.ro\/lexikon\/wp-json\/wp\/v2\/product\/22383","targetHints":{"allow":["GET"]}}],"collection":[{"href":"https:\/\/uj.adatbank.ro\/lexikon\/wp-json\/wp\/v2\/product"}],"about":[{"href":"https:\/\/uj.adatbank.ro\/lexikon\/wp-json\/wp\/v2\/types\/product"}],"replies":[{"embeddable":true,"href":"https:\/\/uj.adatbank.ro\/lexikon\/wp-json\/wp\/v2\/comments?post=22383"}],"wp:attachment":[{"href":"https:\/\/uj.adatbank.ro\/lexikon\/wp-json\/wp\/v2\/media?parent=22383"}],"wp:term":[{"taxonomy":"product_brand","embeddable":true,"href":"https:\/\/uj.adatbank.ro\/lexikon\/wp-json\/wp\/v2\/product_brand?post=22383"},{"taxonomy":"product_cat","embeddable":true,"href":"https:\/\/uj.adatbank.ro\/lexikon\/wp-json\/wp\/v2\/product_cat?post=22383"},{"taxonomy":"product_tag","embeddable":true,"href":"https:\/\/uj.adatbank.ro\/lexikon\/wp-json\/wp\/v2\/product_tag?post=22383"}],"curies":[{"name":"wp","href":"https:\/\/api.w.org\/{rel}","templated":true}]}}