{"id":22384,"date":"2025-07-22T19:59:06","date_gmt":"2025-07-22T17:59:06","guid":{"rendered":"https:\/\/uj.adatbank.ro\/lexikon\/termek\/szoboszlai-istvan\/"},"modified":"2025-07-22T19:59:06","modified_gmt":"2025-07-22T17:59:06","slug":"szoboszlai-istvan","status":"publish","type":"product","link":"https:\/\/uj.adatbank.ro\/lexikon\/termek\/szoboszlai-istvan\/","title":{"rendered":"SZOBOSZLAI Istv\u00e1n"},"content":{"rendered":"<p>? \u2020 G\u00f6rg\u00e9nyszentimre, 1801. j\u00fal. 20.: tan\u00edt\u00f3. \u2013 Nagy\u00f6lyvesen (1760\u201362), Maross\u00e1rpatakon (1762\u2013?), Marosv\u00e9csen (1767\u201377), K\u00f6rtv\u00e9lyf\u00e1j\u00e1n (1778), Tancson (1779\u201392) \u00e9s G\u00f6rg\u00e9nyszentimr\u00e9n hal\u00e1l\u00e1ig (1794\u20131801) volt mester. <br \/><strong>Irod.:<\/strong> \u0150sz.<\/br><\/p>\n","protected":false},"excerpt":{"rendered":"<p>? \u2020 G\u00f6rg\u00e9nyszentimre, 1801. j\u00fal. 20.: tan\u00edt\u00f3. \u2013 Nagy\u00f6lyvesen (1760\u201362), Maross\u00e1rpatakon (1762\u2013?), Marosv\u00e9csen (1767\u201377), K\u00f6rtv\u00e9lyf\u00e1j\u00e1n (1778), Tancson (1779\u201392) \u00e9s G\u00f6rg\u00e9nyszentimr\u00e9n hal\u00e1l\u00e1ig (1794\u20131801) volt mester. Irod.: \u0150sz.<\/p>\n","protected":false},"featured_media":0,"comment_status":"open","ping_status":"closed","template":"","meta":[],"product_brand":[],"product_cat":[137],"product_tag":[],"class_list":{"0":"post-22384","1":"product","2":"type-product","3":"status-publish","5":"product_cat-maros-megyei-eletrajzi-lexikon","7":"first","8":"instock","9":"shipping-taxable","10":"product-type-simple"},"_links":{"self":[{"href":"https:\/\/uj.adatbank.ro\/lexikon\/wp-json\/wp\/v2\/product\/22384","targetHints":{"allow":["GET"]}}],"collection":[{"href":"https:\/\/uj.adatbank.ro\/lexikon\/wp-json\/wp\/v2\/product"}],"about":[{"href":"https:\/\/uj.adatbank.ro\/lexikon\/wp-json\/wp\/v2\/types\/product"}],"replies":[{"embeddable":true,"href":"https:\/\/uj.adatbank.ro\/lexikon\/wp-json\/wp\/v2\/comments?post=22384"}],"wp:attachment":[{"href":"https:\/\/uj.adatbank.ro\/lexikon\/wp-json\/wp\/v2\/media?parent=22384"}],"wp:term":[{"taxonomy":"product_brand","embeddable":true,"href":"https:\/\/uj.adatbank.ro\/lexikon\/wp-json\/wp\/v2\/product_brand?post=22384"},{"taxonomy":"product_cat","embeddable":true,"href":"https:\/\/uj.adatbank.ro\/lexikon\/wp-json\/wp\/v2\/product_cat?post=22384"},{"taxonomy":"product_tag","embeddable":true,"href":"https:\/\/uj.adatbank.ro\/lexikon\/wp-json\/wp\/v2\/product_tag?post=22384"}],"curies":[{"name":"wp","href":"https:\/\/api.w.org\/{rel}","templated":true}]}}