{"id":22389,"date":"2025-07-22T19:59:17","date_gmt":"2025-07-22T17:59:17","guid":{"rendered":"https:\/\/uj.adatbank.ro\/lexikon\/termek\/szoboszlo-bogomer\/"},"modified":"2025-07-22T19:59:17","modified_gmt":"2025-07-22T17:59:17","slug":"szoboszlo-bogomer","status":"publish","type":"product","link":"https:\/\/uj.adatbank.ro\/lexikon\/termek\/szoboszlo-bogomer\/","title":{"rendered":"SZOBOSZL\u00d3 Bogom\u00e9r"},"content":{"rendered":"<p>Sz\u00e9kely isp\u00e1n (1228) Irod.: Sz\u00e9kelyf\u00f6ld t\u00f6rt.<\/br><\/p>\n","protected":false},"excerpt":{"rendered":"<p>Sz\u00e9kely isp\u00e1n (1228) Irod.: Sz\u00e9kelyf\u00f6ld t\u00f6rt.<\/p>\n","protected":false},"featured_media":0,"comment_status":"open","ping_status":"closed","template":"","meta":[],"product_brand":[],"product_cat":[137],"product_tag":[],"class_list":{"0":"post-22389","1":"product","2":"type-product","3":"status-publish","5":"product_cat-maros-megyei-eletrajzi-lexikon","7":"first","8":"instock","9":"shipping-taxable","10":"product-type-simple"},"_links":{"self":[{"href":"https:\/\/uj.adatbank.ro\/lexikon\/wp-json\/wp\/v2\/product\/22389","targetHints":{"allow":["GET"]}}],"collection":[{"href":"https:\/\/uj.adatbank.ro\/lexikon\/wp-json\/wp\/v2\/product"}],"about":[{"href":"https:\/\/uj.adatbank.ro\/lexikon\/wp-json\/wp\/v2\/types\/product"}],"replies":[{"embeddable":true,"href":"https:\/\/uj.adatbank.ro\/lexikon\/wp-json\/wp\/v2\/comments?post=22389"}],"wp:attachment":[{"href":"https:\/\/uj.adatbank.ro\/lexikon\/wp-json\/wp\/v2\/media?parent=22389"}],"wp:term":[{"taxonomy":"product_brand","embeddable":true,"href":"https:\/\/uj.adatbank.ro\/lexikon\/wp-json\/wp\/v2\/product_brand?post=22389"},{"taxonomy":"product_cat","embeddable":true,"href":"https:\/\/uj.adatbank.ro\/lexikon\/wp-json\/wp\/v2\/product_cat?post=22389"},{"taxonomy":"product_tag","embeddable":true,"href":"https:\/\/uj.adatbank.ro\/lexikon\/wp-json\/wp\/v2\/product_tag?post=22389"}],"curies":[{"name":"wp","href":"https:\/\/api.w.org\/{rel}","templated":true}]}}