{"id":22392,"date":"2025-07-22T19:59:24","date_gmt":"2025-07-22T17:59:24","guid":{"rendered":"https:\/\/uj.adatbank.ro\/lexikon\/termek\/szocs-sovaradi\/"},"modified":"2025-07-22T19:59:24","modified_gmt":"2025-07-22T17:59:24","slug":"szocs-sovaradi","status":"publish","type":"product","link":"https:\/\/uj.adatbank.ro\/lexikon\/termek\/szocs-sovaradi\/","title":{"rendered":"SZ\u0150CS, s\u00f3v\u00e1radi"},"content":{"rendered":"<p>A csal\u00e1d nemess\u00e9ge \u0151si sz\u00e9kely jogon alapszik. Sz. M\u00e1rton, mint primipilus esk\u00fcd\u00f6tt fel a cs. \u00e9s kir. h\u0171s\u00e9gre (1602), mint primipilus fordult el\u0151 (1614). <br \/><strong>Irod.:<\/strong> P\u00e1lmay.<\/br><\/p>\n","protected":false},"excerpt":{"rendered":"<p>A csal\u00e1d nemess\u00e9ge \u0151si sz\u00e9kely jogon alapszik. Sz. M\u00e1rton, mint primipilus esk\u00fcd\u00f6tt fel a cs. \u00e9s kir. h\u0171s\u00e9gre (1602), mint primipilus fordult el\u0151 (1614). Irod.: P\u00e1lmay.<\/p>\n","protected":false},"featured_media":0,"comment_status":"open","ping_status":"closed","template":"","meta":[],"product_brand":[],"product_cat":[137],"product_tag":[],"class_list":{"0":"post-22392","1":"product","2":"type-product","3":"status-publish","5":"product_cat-maros-megyei-eletrajzi-lexikon","7":"first","8":"instock","9":"shipping-taxable","10":"product-type-simple"},"_links":{"self":[{"href":"https:\/\/uj.adatbank.ro\/lexikon\/wp-json\/wp\/v2\/product\/22392","targetHints":{"allow":["GET"]}}],"collection":[{"href":"https:\/\/uj.adatbank.ro\/lexikon\/wp-json\/wp\/v2\/product"}],"about":[{"href":"https:\/\/uj.adatbank.ro\/lexikon\/wp-json\/wp\/v2\/types\/product"}],"replies":[{"embeddable":true,"href":"https:\/\/uj.adatbank.ro\/lexikon\/wp-json\/wp\/v2\/comments?post=22392"}],"wp:attachment":[{"href":"https:\/\/uj.adatbank.ro\/lexikon\/wp-json\/wp\/v2\/media?parent=22392"}],"wp:term":[{"taxonomy":"product_brand","embeddable":true,"href":"https:\/\/uj.adatbank.ro\/lexikon\/wp-json\/wp\/v2\/product_brand?post=22392"},{"taxonomy":"product_cat","embeddable":true,"href":"https:\/\/uj.adatbank.ro\/lexikon\/wp-json\/wp\/v2\/product_cat?post=22392"},{"taxonomy":"product_tag","embeddable":true,"href":"https:\/\/uj.adatbank.ro\/lexikon\/wp-json\/wp\/v2\/product_tag?post=22392"}],"curies":[{"name":"wp","href":"https:\/\/api.w.org\/{rel}","templated":true}]}}