{"id":22393,"date":"2025-07-22T19:59:25","date_gmt":"2025-07-22T17:59:25","guid":{"rendered":"https:\/\/uj.adatbank.ro\/lexikon\/termek\/szocs-adolf-marosvasarhelyi\/"},"modified":"2025-07-22T19:59:25","modified_gmt":"2025-07-22T17:59:25","slug":"szocs-adolf-marosvasarhelyi","status":"publish","type":"product","link":"https:\/\/uj.adatbank.ro\/lexikon\/termek\/szocs-adolf-marosvasarhelyi\/","title":{"rendered":"SZ\u0150CS Adolf, marosv\u00e1s\u00e1rhelyi"},"content":{"rendered":"<p>? \u2020?: honv\u00e9d tizedes (1870\u201373). \u2013 <strong>F. m.<\/strong>: Eml\u00e9klapok Pet\u0151fi S\u00e1ndor haz\u00e1nk koszor\u00fas k\u00f6lt\u0151j\u00e9nek \u00e9s 1848\u201349.-ki honv\u00e9d vez\u00e9r\u0151rnagy elhunyt\u00e1nak 50-dik \u00e9vi eml\u00e9k\u00e9nek tisztelet\u00e9re (Mv., 1899). <br \/><strong>Irod.:<\/strong> Szinnyei.<\/br><\/p>\n","protected":false},"excerpt":{"rendered":"<p>? \u2020?: honv\u00e9d tizedes (1870\u201373). \u2013 F. m.: Eml\u00e9klapok Pet\u0151fi S\u00e1ndor haz\u00e1nk koszor\u00fas k\u00f6lt\u0151j\u00e9nek \u00e9s 1848\u201349.-ki honv\u00e9d vez\u00e9r\u0151rnagy elhunyt\u00e1nak 50-dik \u00e9vi eml\u00e9k\u00e9nek tisztelet\u00e9re (Mv., 1899). Irod.: Szinnyei.<\/p>\n","protected":false},"featured_media":0,"comment_status":"open","ping_status":"closed","template":"","meta":[],"product_brand":[],"product_cat":[137],"product_tag":[],"class_list":{"0":"post-22393","1":"product","2":"type-product","3":"status-publish","5":"product_cat-maros-megyei-eletrajzi-lexikon","7":"first","8":"instock","9":"shipping-taxable","10":"product-type-simple"},"_links":{"self":[{"href":"https:\/\/uj.adatbank.ro\/lexikon\/wp-json\/wp\/v2\/product\/22393","targetHints":{"allow":["GET"]}}],"collection":[{"href":"https:\/\/uj.adatbank.ro\/lexikon\/wp-json\/wp\/v2\/product"}],"about":[{"href":"https:\/\/uj.adatbank.ro\/lexikon\/wp-json\/wp\/v2\/types\/product"}],"replies":[{"embeddable":true,"href":"https:\/\/uj.adatbank.ro\/lexikon\/wp-json\/wp\/v2\/comments?post=22393"}],"wp:attachment":[{"href":"https:\/\/uj.adatbank.ro\/lexikon\/wp-json\/wp\/v2\/media?parent=22393"}],"wp:term":[{"taxonomy":"product_brand","embeddable":true,"href":"https:\/\/uj.adatbank.ro\/lexikon\/wp-json\/wp\/v2\/product_brand?post=22393"},{"taxonomy":"product_cat","embeddable":true,"href":"https:\/\/uj.adatbank.ro\/lexikon\/wp-json\/wp\/v2\/product_cat?post=22393"},{"taxonomy":"product_tag","embeddable":true,"href":"https:\/\/uj.adatbank.ro\/lexikon\/wp-json\/wp\/v2\/product_tag?post=22393"}],"curies":[{"name":"wp","href":"https:\/\/api.w.org\/{rel}","templated":true}]}}