{"id":22394,"date":"2025-07-22T19:59:27","date_gmt":"2025-07-22T17:59:27","guid":{"rendered":"https:\/\/uj.adatbank.ro\/lexikon\/termek\/szocs-akos\/"},"modified":"2025-07-22T19:59:27","modified_gmt":"2025-07-22T17:59:27","slug":"szocs-akos","status":"publish","type":"product","link":"https:\/\/uj.adatbank.ro\/lexikon\/termek\/szocs-akos\/","title":{"rendered":"SZ\u0150CS \u00c1kos"},"content":{"rendered":"<p>? \u2020?: alb\u00edr\u00f3. \u2013 A Mv.-i Kaszin\u00f3 h\u00e1znagya (1884\u201391), amikor elhelyezt\u00e9k a v\u00e1rosb\u00f3l, a kv.-i t\u00e1bl\u00e1hoz. T\u00e1voz\u00e1sakor tiszteletbeli h\u00e1znaggy\u00e1 v\u00e1lasztott\u00e1k munk\u00e1ss\u00e1ga elismer\u00e9sek\u00e9nt. \u2013 Irod: Bi\u00e1s Istv\u00e1n.<\/br><\/p>\n","protected":false},"excerpt":{"rendered":"<p>? \u2020?: alb\u00edr\u00f3. \u2013 A Mv.-i Kaszin\u00f3 h\u00e1znagya (1884\u201391), amikor elhelyezt\u00e9k a v\u00e1rosb\u00f3l, a kv.-i t\u00e1bl\u00e1hoz. T\u00e1voz\u00e1sakor tiszteletbeli h\u00e1znaggy\u00e1 v\u00e1lasztott\u00e1k munk\u00e1ss\u00e1ga elismer\u00e9sek\u00e9nt. \u2013 Irod: Bi\u00e1s Istv\u00e1n.<\/p>\n","protected":false},"featured_media":0,"comment_status":"open","ping_status":"closed","template":"","meta":[],"product_brand":[],"product_cat":[137],"product_tag":[],"class_list":{"0":"post-22394","1":"product","2":"type-product","3":"status-publish","5":"product_cat-maros-megyei-eletrajzi-lexikon","7":"first","8":"instock","9":"shipping-taxable","10":"product-type-simple"},"_links":{"self":[{"href":"https:\/\/uj.adatbank.ro\/lexikon\/wp-json\/wp\/v2\/product\/22394","targetHints":{"allow":["GET"]}}],"collection":[{"href":"https:\/\/uj.adatbank.ro\/lexikon\/wp-json\/wp\/v2\/product"}],"about":[{"href":"https:\/\/uj.adatbank.ro\/lexikon\/wp-json\/wp\/v2\/types\/product"}],"replies":[{"embeddable":true,"href":"https:\/\/uj.adatbank.ro\/lexikon\/wp-json\/wp\/v2\/comments?post=22394"}],"wp:attachment":[{"href":"https:\/\/uj.adatbank.ro\/lexikon\/wp-json\/wp\/v2\/media?parent=22394"}],"wp:term":[{"taxonomy":"product_brand","embeddable":true,"href":"https:\/\/uj.adatbank.ro\/lexikon\/wp-json\/wp\/v2\/product_brand?post=22394"},{"taxonomy":"product_cat","embeddable":true,"href":"https:\/\/uj.adatbank.ro\/lexikon\/wp-json\/wp\/v2\/product_cat?post=22394"},{"taxonomy":"product_tag","embeddable":true,"href":"https:\/\/uj.adatbank.ro\/lexikon\/wp-json\/wp\/v2\/product_tag?post=22394"}],"curies":[{"name":"wp","href":"https:\/\/api.w.org\/{rel}","templated":true}]}}