{"id":22396,"date":"2025-07-22T19:59:33","date_gmt":"2025-07-22T17:59:33","guid":{"rendered":"https:\/\/uj.adatbank.ro\/lexikon\/termek\/szocs-albert\/"},"modified":"2025-07-22T19:59:33","modified_gmt":"2025-07-22T17:59:33","slug":"szocs-albert","status":"publish","type":"product","link":"https:\/\/uj.adatbank.ro\/lexikon\/termek\/szocs-albert\/","title":{"rendered":"SZ\u0150CS Albert"},"content":{"rendered":"<p>1777. k., \u2020\u00a01835. febr. 23.: r. k. pap. \u2013 Gyulafeh\u00e9rv\u00e1ron szentelt\u00e9k papp\u00e1 (1801. \u00e1pr. 4.). K\u00e1pl\u00e1n Mv.-en (1802). Pl\u00e9b\u00e1nos Egrest\u0151n (1804), Atyh\u00e1ban (1808), alesperes (1819). <br \/><strong>Irod.:<\/strong> Ferenczi S\u00e1ndor 2009.<\/br><\/p>\n","protected":false},"excerpt":{"rendered":"<p>1777. k., \u2020\u00a01835. febr. 23.: r. k. pap. \u2013 Gyulafeh\u00e9rv\u00e1ron szentelt\u00e9k papp\u00e1 (1801. \u00e1pr. 4.). K\u00e1pl\u00e1n Mv.-en (1802). Pl\u00e9b\u00e1nos Egrest\u0151n (1804), Atyh\u00e1ban (1808), alesperes (1819). Irod.: Ferenczi S\u00e1ndor 2009.<\/p>\n","protected":false},"featured_media":0,"comment_status":"open","ping_status":"closed","template":"","meta":[],"product_brand":[],"product_cat":[137],"product_tag":[],"class_list":{"0":"post-22396","1":"product","2":"type-product","3":"status-publish","5":"product_cat-maros-megyei-eletrajzi-lexikon","7":"first","8":"instock","9":"shipping-taxable","10":"product-type-simple"},"_links":{"self":[{"href":"https:\/\/uj.adatbank.ro\/lexikon\/wp-json\/wp\/v2\/product\/22396","targetHints":{"allow":["GET"]}}],"collection":[{"href":"https:\/\/uj.adatbank.ro\/lexikon\/wp-json\/wp\/v2\/product"}],"about":[{"href":"https:\/\/uj.adatbank.ro\/lexikon\/wp-json\/wp\/v2\/types\/product"}],"replies":[{"embeddable":true,"href":"https:\/\/uj.adatbank.ro\/lexikon\/wp-json\/wp\/v2\/comments?post=22396"}],"wp:attachment":[{"href":"https:\/\/uj.adatbank.ro\/lexikon\/wp-json\/wp\/v2\/media?parent=22396"}],"wp:term":[{"taxonomy":"product_brand","embeddable":true,"href":"https:\/\/uj.adatbank.ro\/lexikon\/wp-json\/wp\/v2\/product_brand?post=22396"},{"taxonomy":"product_cat","embeddable":true,"href":"https:\/\/uj.adatbank.ro\/lexikon\/wp-json\/wp\/v2\/product_cat?post=22396"},{"taxonomy":"product_tag","embeddable":true,"href":"https:\/\/uj.adatbank.ro\/lexikon\/wp-json\/wp\/v2\/product_tag?post=22396"}],"curies":[{"name":"wp","href":"https:\/\/api.w.org\/{rel}","templated":true}]}}