{"id":22399,"date":"2025-07-22T19:59:38","date_gmt":"2025-07-22T17:59:38","guid":{"rendered":"https:\/\/uj.adatbank.ro\/lexikon\/termek\/szocs-boldizsar\/"},"modified":"2025-07-22T19:59:38","modified_gmt":"2025-07-22T17:59:38","slug":"szocs-boldizsar","status":"publish","type":"product","link":"https:\/\/uj.adatbank.ro\/lexikon\/termek\/szocs-boldizsar\/","title":{"rendered":"SZ\u0150CS Boldizs\u00e1r"},"content":{"rendered":"<p>? \u2020?: sz\u0171cs. \u2013 A sz\u0171cs c\u00e9h mestere Mv.-en (1632. jan. 2\u2013). A mv.-i sz\u0171cs\u00f6k c\u00e9h\u00e9nek legr\u00e9gebbi re\u00e1nk maradt pohar\u00e1n tal\u00e1lkozunk a nev\u00e9vel \u00e9s a poh\u00e1r keletkez\u00e9s\u00e9nek idej\u00e9vel (1632. \u00e1pr. 14). <br \/><strong>Irod.:<\/strong> Kelemen Lajos 1982.<\/br><\/p>\n","protected":false},"excerpt":{"rendered":"<p>? \u2020?: sz\u0171cs. \u2013 A sz\u0171cs c\u00e9h mestere Mv.-en (1632. jan. 2\u2013). A mv.-i sz\u0171cs\u00f6k c\u00e9h\u00e9nek legr\u00e9gebbi re\u00e1nk maradt pohar\u00e1n tal\u00e1lkozunk a nev\u00e9vel \u00e9s a poh\u00e1r keletkez\u00e9s\u00e9nek idej\u00e9vel (1632. \u00e1pr. 14). Irod.: Kelemen Lajos 1982.<\/p>\n","protected":false},"featured_media":0,"comment_status":"open","ping_status":"closed","template":"","meta":[],"product_brand":[],"product_cat":[137],"product_tag":[],"class_list":{"0":"post-22399","1":"product","2":"type-product","3":"status-publish","5":"product_cat-maros-megyei-eletrajzi-lexikon","7":"first","8":"instock","9":"shipping-taxable","10":"product-type-simple"},"_links":{"self":[{"href":"https:\/\/uj.adatbank.ro\/lexikon\/wp-json\/wp\/v2\/product\/22399","targetHints":{"allow":["GET"]}}],"collection":[{"href":"https:\/\/uj.adatbank.ro\/lexikon\/wp-json\/wp\/v2\/product"}],"about":[{"href":"https:\/\/uj.adatbank.ro\/lexikon\/wp-json\/wp\/v2\/types\/product"}],"replies":[{"embeddable":true,"href":"https:\/\/uj.adatbank.ro\/lexikon\/wp-json\/wp\/v2\/comments?post=22399"}],"wp:attachment":[{"href":"https:\/\/uj.adatbank.ro\/lexikon\/wp-json\/wp\/v2\/media?parent=22399"}],"wp:term":[{"taxonomy":"product_brand","embeddable":true,"href":"https:\/\/uj.adatbank.ro\/lexikon\/wp-json\/wp\/v2\/product_brand?post=22399"},{"taxonomy":"product_cat","embeddable":true,"href":"https:\/\/uj.adatbank.ro\/lexikon\/wp-json\/wp\/v2\/product_cat?post=22399"},{"taxonomy":"product_tag","embeddable":true,"href":"https:\/\/uj.adatbank.ro\/lexikon\/wp-json\/wp\/v2\/product_tag?post=22399"}],"curies":[{"name":"wp","href":"https:\/\/api.w.org\/{rel}","templated":true}]}}