{"id":22400,"date":"2025-07-22T19:59:41","date_gmt":"2025-07-22T17:59:41","guid":{"rendered":"https:\/\/uj.adatbank.ro\/lexikon\/termek\/szocs-daniel-kolozsvari-kolozsvari-szocs-daniel\/"},"modified":"2025-07-22T19:59:41","modified_gmt":"2025-07-22T17:59:41","slug":"szocs-daniel-kolozsvari-kolozsvari-szocs-daniel","status":"publish","type":"product","link":"https:\/\/uj.adatbank.ro\/lexikon\/termek\/szocs-daniel-kolozsvari-kolozsvari-szocs-daniel\/","title":{"rendered":"SZ\u0150CS D\u00e1niel, kolozsv\u00e1ri, Kolozsv\u00e1ri Sz\u0151cs D\u00e1niel"},"content":{"rendered":"<p>1699., \u2020?: f\u0151b\u00edr\u00f3, tan\u00e1csos. \u2013 Mv. v\u00e1ros f\u0151b\u00edr\u00f3ja (1718\u201331), a k\u00f6lts\u00e9g\u00e9n \u00e9p\u00fclt egy kism\u00e9ret\u0171 fatemplom Mv.-en, a K\u00fcls\u0151-templomnak nevezett \u00e9s temet\u0151 (17\u201318. sz. elej\u00e9n). Ennek a hely\u00e9n \u00e9p\u00fclt a Kistemplom (1815\u2013). <br \/><strong>Irod.:<\/strong> Man: Tg. M. 1; Keresztes Gyula: A kistemplom (N\u00fa., 1991. febr. 22.); P\u00e1l-Antal 2006.<\/br><\/p>\n","protected":false},"excerpt":{"rendered":"<p>1699., \u2020?: f\u0151b\u00edr\u00f3, tan\u00e1csos. \u2013 Mv. v\u00e1ros f\u0151b\u00edr\u00f3ja (1718\u201331), a k\u00f6lts\u00e9g\u00e9n \u00e9p\u00fclt egy kism\u00e9ret\u0171 fatemplom Mv.-en, a K\u00fcls\u0151-templomnak nevezett \u00e9s temet\u0151 (17\u201318. sz. elej\u00e9n). Ennek a hely\u00e9n \u00e9p\u00fclt a Kistemplom (1815\u2013). Irod.: Man: Tg. M. 1; Keresztes Gyula: A kistemplom (N\u00fa., 1991. febr. 22.); P\u00e1l-Antal 2006.<\/p>\n","protected":false},"featured_media":0,"comment_status":"open","ping_status":"closed","template":"","meta":[],"product_brand":[],"product_cat":[137],"product_tag":[],"class_list":{"0":"post-22400","1":"product","2":"type-product","3":"status-publish","5":"product_cat-maros-megyei-eletrajzi-lexikon","7":"first","8":"instock","9":"shipping-taxable","10":"product-type-simple"},"_links":{"self":[{"href":"https:\/\/uj.adatbank.ro\/lexikon\/wp-json\/wp\/v2\/product\/22400","targetHints":{"allow":["GET"]}}],"collection":[{"href":"https:\/\/uj.adatbank.ro\/lexikon\/wp-json\/wp\/v2\/product"}],"about":[{"href":"https:\/\/uj.adatbank.ro\/lexikon\/wp-json\/wp\/v2\/types\/product"}],"replies":[{"embeddable":true,"href":"https:\/\/uj.adatbank.ro\/lexikon\/wp-json\/wp\/v2\/comments?post=22400"}],"wp:attachment":[{"href":"https:\/\/uj.adatbank.ro\/lexikon\/wp-json\/wp\/v2\/media?parent=22400"}],"wp:term":[{"taxonomy":"product_brand","embeddable":true,"href":"https:\/\/uj.adatbank.ro\/lexikon\/wp-json\/wp\/v2\/product_brand?post=22400"},{"taxonomy":"product_cat","embeddable":true,"href":"https:\/\/uj.adatbank.ro\/lexikon\/wp-json\/wp\/v2\/product_cat?post=22400"},{"taxonomy":"product_tag","embeddable":true,"href":"https:\/\/uj.adatbank.ro\/lexikon\/wp-json\/wp\/v2\/product_tag?post=22400"}],"curies":[{"name":"wp","href":"https:\/\/api.w.org\/{rel}","templated":true}]}}