{"id":22401,"date":"2025-07-22T19:59:43","date_gmt":"2025-07-22T17:59:43","guid":{"rendered":"https:\/\/uj.adatbank.ro\/lexikon\/termek\/szocs-demeter\/"},"modified":"2025-07-22T19:59:43","modified_gmt":"2025-07-22T17:59:43","slug":"szocs-demeter","status":"publish","type":"product","link":"https:\/\/uj.adatbank.ro\/lexikon\/termek\/szocs-demeter\/","title":{"rendered":"SZ\u0150CS Demeter"},"content":{"rendered":"<p>Ny\u00e1r\u00e1dt\u0151, 1914. \u00e1pr. 23., \u2020?: vasutas. \u2013 Letart\u00f3ztat\u00e1sakor (1959. aug. 26.) rakt\u00e1ros volt a mv.-i vas\u00fat\u00e1llom\u00e1son. A MAT Katonai \u00dcgy\u00e9szs\u00e9ge a ny\u00e1r\u00e1dt\u0151i kollektiviz\u00e1l\u00e1s elleni megmozdul\u00e1s kapcs\u00e1n \u00e1ll\u00edtotta b\u00edr\u00f3s\u00e1g el\u00e9. <br \/><strong>Irod.:<\/strong> 1956 Erd\u00e9lyben.<\/br><\/p>\n","protected":false},"excerpt":{"rendered":"<p>Ny\u00e1r\u00e1dt\u0151, 1914. \u00e1pr. 23., \u2020?: vasutas. \u2013 Letart\u00f3ztat\u00e1sakor (1959. aug. 26.) rakt\u00e1ros volt a mv.-i vas\u00fat\u00e1llom\u00e1son. A MAT Katonai \u00dcgy\u00e9szs\u00e9ge a ny\u00e1r\u00e1dt\u0151i kollektiviz\u00e1l\u00e1s elleni megmozdul\u00e1s kapcs\u00e1n \u00e1ll\u00edtotta b\u00edr\u00f3s\u00e1g el\u00e9. Irod.: 1956 Erd\u00e9lyben.<\/p>\n","protected":false},"featured_media":0,"comment_status":"open","ping_status":"closed","template":"","meta":[],"product_brand":[],"product_cat":[137],"product_tag":[],"class_list":{"0":"post-22401","1":"product","2":"type-product","3":"status-publish","5":"product_cat-maros-megyei-eletrajzi-lexikon","7":"first","8":"instock","9":"shipping-taxable","10":"product-type-simple"},"_links":{"self":[{"href":"https:\/\/uj.adatbank.ro\/lexikon\/wp-json\/wp\/v2\/product\/22401","targetHints":{"allow":["GET"]}}],"collection":[{"href":"https:\/\/uj.adatbank.ro\/lexikon\/wp-json\/wp\/v2\/product"}],"about":[{"href":"https:\/\/uj.adatbank.ro\/lexikon\/wp-json\/wp\/v2\/types\/product"}],"replies":[{"embeddable":true,"href":"https:\/\/uj.adatbank.ro\/lexikon\/wp-json\/wp\/v2\/comments?post=22401"}],"wp:attachment":[{"href":"https:\/\/uj.adatbank.ro\/lexikon\/wp-json\/wp\/v2\/media?parent=22401"}],"wp:term":[{"taxonomy":"product_brand","embeddable":true,"href":"https:\/\/uj.adatbank.ro\/lexikon\/wp-json\/wp\/v2\/product_brand?post=22401"},{"taxonomy":"product_cat","embeddable":true,"href":"https:\/\/uj.adatbank.ro\/lexikon\/wp-json\/wp\/v2\/product_cat?post=22401"},{"taxonomy":"product_tag","embeddable":true,"href":"https:\/\/uj.adatbank.ro\/lexikon\/wp-json\/wp\/v2\/product_tag?post=22401"}],"curies":[{"name":"wp","href":"https:\/\/api.w.org\/{rel}","templated":true}]}}