{"id":22405,"date":"2025-07-22T19:59:55","date_gmt":"2025-07-22T17:59:55","guid":{"rendered":"https:\/\/uj.adatbank.ro\/lexikon\/termek\/szocs-gabor\/"},"modified":"2025-07-22T19:59:55","modified_gmt":"2025-07-22T17:59:55","slug":"szocs-gabor","status":"publish","type":"product","link":"https:\/\/uj.adatbank.ro\/lexikon\/termek\/szocs-gabor\/","title":{"rendered":"SZ\u0150CS G\u00e1bor"},"content":{"rendered":"<p>Bar\u00e1tos, 1926. j\u00fan. 4., \u2020 Mv., 1999. nov. 20.: orvos. \u2013 Az egyetemet a MOGYI-n v\u00e9gezte (1951). K\u00f6rorvos (1951\u201353); a mv.-i 2. sz. Belgy\u00f3gy\u00e1szati Klinik\u00e1n orvos (1953\u201356); labororvos (1956\u20138); tan\u00e1rseg\u00e9d a MOGYI-n (1958\u201374); 2. sz Belgy\u00f3gy\u00e1szati Klinika (1974\u201392) sz\u00edvgy\u00f3gy\u00e1sz f\u0151orvosa. <br \/><strong>Irod.:<\/strong> Kiss\u2013P\u00e9terffy\u2013P\u00e9terffy; [Nekrol\u00f3g] (N\u00fa., 1999. nov. 22); RMKK.<\/br><\/p>\n","protected":false},"excerpt":{"rendered":"<p>Bar\u00e1tos, 1926. j\u00fan. 4., \u2020 Mv., 1999. nov. 20.: orvos. \u2013 Az egyetemet a MOGYI-n v\u00e9gezte (1951). K\u00f6rorvos (1951\u201353); a mv.-i 2. sz. Belgy\u00f3gy\u00e1szati Klinik\u00e1n orvos (1953\u201356); labororvos (1956\u20138); tan\u00e1rseg\u00e9d a MOGYI-n (1958\u201374); 2. sz Belgy\u00f3gy\u00e1szati Klinika (1974\u201392) sz\u00edvgy\u00f3gy\u00e1sz f\u0151orvosa. Irod.: Kiss\u2013P\u00e9terffy\u2013P\u00e9terffy; [Nekrol\u00f3g] (N\u00fa., 1999. nov. 22); RMKK.<\/p>\n","protected":false},"featured_media":0,"comment_status":"open","ping_status":"closed","template":"","meta":[],"product_brand":[],"product_cat":[137],"product_tag":[],"class_list":{"0":"post-22405","1":"product","2":"type-product","3":"status-publish","5":"product_cat-maros-megyei-eletrajzi-lexikon","7":"first","8":"instock","9":"shipping-taxable","10":"product-type-simple"},"_links":{"self":[{"href":"https:\/\/uj.adatbank.ro\/lexikon\/wp-json\/wp\/v2\/product\/22405","targetHints":{"allow":["GET"]}}],"collection":[{"href":"https:\/\/uj.adatbank.ro\/lexikon\/wp-json\/wp\/v2\/product"}],"about":[{"href":"https:\/\/uj.adatbank.ro\/lexikon\/wp-json\/wp\/v2\/types\/product"}],"replies":[{"embeddable":true,"href":"https:\/\/uj.adatbank.ro\/lexikon\/wp-json\/wp\/v2\/comments?post=22405"}],"wp:attachment":[{"href":"https:\/\/uj.adatbank.ro\/lexikon\/wp-json\/wp\/v2\/media?parent=22405"}],"wp:term":[{"taxonomy":"product_brand","embeddable":true,"href":"https:\/\/uj.adatbank.ro\/lexikon\/wp-json\/wp\/v2\/product_brand?post=22405"},{"taxonomy":"product_cat","embeddable":true,"href":"https:\/\/uj.adatbank.ro\/lexikon\/wp-json\/wp\/v2\/product_cat?post=22405"},{"taxonomy":"product_tag","embeddable":true,"href":"https:\/\/uj.adatbank.ro\/lexikon\/wp-json\/wp\/v2\/product_tag?post=22405"}],"curies":[{"name":"wp","href":"https:\/\/api.w.org\/{rel}","templated":true}]}}