{"id":22407,"date":"2025-07-22T20:00:00","date_gmt":"2025-07-22T18:00:00","guid":{"rendered":"https:\/\/uj.adatbank.ro\/lexikon\/termek\/szocs-geza-%c2%a7\/"},"modified":"2025-07-22T20:00:00","modified_gmt":"2025-07-22T18:00:00","slug":"szocs-geza-%c2%a7","status":"publish","type":"product","link":"https:\/\/uj.adatbank.ro\/lexikon\/termek\/szocs-geza-%c2%a7\/","title":{"rendered":"SZ\u0150CS G\u00e9za, \u00a7"},"content":{"rendered":"<p>Mv., \u2020?: tan\u00e1r. \u2013 A mv.-i ny\u00e1ri tan\u00e1rk\u00e9pz\u0151 tanfolyam igazgat\u00f3ja (1920), Gyergy\u00f3szentmikl\u00f3son tan\u00e1r, gimn. igazgat\u00f3 (1921). Rom\u00e1n tanfolyamokat vezetett \u00e9s vizsg\u00e1ztatta a magyar tan\u00e1rokat (1921\u201322). Szen\u00e1tor a Nagy Rom\u00e1nia parlamentj\u00e9ben, a sz\u00e9kelyek k\u00e9pvisel\u0151je (1924?). <br \/><strong>Irod.:<\/strong> Figuri politice \u015fi administrative din epoca consolid\u0103rii (Buc., 1941); Id\u0151t\u00e1r 3.<\/br><\/p>\n","protected":false},"excerpt":{"rendered":"<p>Mv., \u2020?: tan\u00e1r. \u2013 A mv.-i ny\u00e1ri tan\u00e1rk\u00e9pz\u0151 tanfolyam igazgat\u00f3ja (1920), Gyergy\u00f3szentmikl\u00f3son tan\u00e1r, gimn. igazgat\u00f3 (1921). Rom\u00e1n tanfolyamokat vezetett \u00e9s vizsg\u00e1ztatta a magyar tan\u00e1rokat (1921\u201322). Szen\u00e1tor a Nagy Rom\u00e1nia parlamentj\u00e9ben, a sz\u00e9kelyek k\u00e9pvisel\u0151je (1924?). Irod.: Figuri politice \u015fi administrative din epoca consolid\u0103rii (Buc., 1941); Id\u0151t\u00e1r 3.<\/p>\n","protected":false},"featured_media":0,"comment_status":"open","ping_status":"closed","template":"","meta":[],"product_brand":[],"product_cat":[137],"product_tag":[],"class_list":{"0":"post-22407","1":"product","2":"type-product","3":"status-publish","5":"product_cat-maros-megyei-eletrajzi-lexikon","7":"first","8":"instock","9":"shipping-taxable","10":"product-type-simple"},"_links":{"self":[{"href":"https:\/\/uj.adatbank.ro\/lexikon\/wp-json\/wp\/v2\/product\/22407","targetHints":{"allow":["GET"]}}],"collection":[{"href":"https:\/\/uj.adatbank.ro\/lexikon\/wp-json\/wp\/v2\/product"}],"about":[{"href":"https:\/\/uj.adatbank.ro\/lexikon\/wp-json\/wp\/v2\/types\/product"}],"replies":[{"embeddable":true,"href":"https:\/\/uj.adatbank.ro\/lexikon\/wp-json\/wp\/v2\/comments?post=22407"}],"wp:attachment":[{"href":"https:\/\/uj.adatbank.ro\/lexikon\/wp-json\/wp\/v2\/media?parent=22407"}],"wp:term":[{"taxonomy":"product_brand","embeddable":true,"href":"https:\/\/uj.adatbank.ro\/lexikon\/wp-json\/wp\/v2\/product_brand?post=22407"},{"taxonomy":"product_cat","embeddable":true,"href":"https:\/\/uj.adatbank.ro\/lexikon\/wp-json\/wp\/v2\/product_cat?post=22407"},{"taxonomy":"product_tag","embeddable":true,"href":"https:\/\/uj.adatbank.ro\/lexikon\/wp-json\/wp\/v2\/product_tag?post=22407"}],"curies":[{"name":"wp","href":"https:\/\/api.w.org\/{rel}","templated":true}]}}