{"id":22409,"date":"2025-07-22T20:00:04","date_gmt":"2025-07-22T18:00:04","guid":{"rendered":"https:\/\/uj.adatbank.ro\/lexikon\/termek\/szocs-gyula\/"},"modified":"2025-07-22T20:00:04","modified_gmt":"2025-07-22T18:00:04","slug":"szocs-gyula","status":"publish","type":"product","link":"https:\/\/uj.adatbank.ro\/lexikon\/termek\/szocs-gyula\/","title":{"rendered":"SZ\u0150CS Gyula"},"content":{"rendered":"<p>Szov\u00e1ta, 1904., \u2020?: m\u00e9sz\u00e1ros. \u2013 Iskol\u00e1i elv\u00e9gz\u00e9se ut\u00e1n a h\u00fasiparban szabadult fel, \u00f6n\u00e1ll\u00f3 lett Mv.-en (1931). Hazafias \u00e9s kultur\u00e1lis int\u00e9zm\u00e9nyek t\u00e1mogat\u00f3ja volt.\u00a0<br \/><strong>Irod.:<\/strong> Sz\u00e9kelyf\u00f6ld \u00ed. k.<\/br><\/p>\n","protected":false},"excerpt":{"rendered":"<p>Szov\u00e1ta, 1904., \u2020?: m\u00e9sz\u00e1ros. \u2013 Iskol\u00e1i elv\u00e9gz\u00e9se ut\u00e1n a h\u00fasiparban szabadult fel, \u00f6n\u00e1ll\u00f3 lett Mv.-en (1931). Hazafias \u00e9s kultur\u00e1lis int\u00e9zm\u00e9nyek t\u00e1mogat\u00f3ja volt.\u00a0Irod.: Sz\u00e9kelyf\u00f6ld \u00ed. k.<\/p>\n","protected":false},"featured_media":0,"comment_status":"open","ping_status":"closed","template":"","meta":[],"product_brand":[],"product_cat":[137],"product_tag":[],"class_list":{"0":"post-22409","1":"product","2":"type-product","3":"status-publish","5":"product_cat-maros-megyei-eletrajzi-lexikon","7":"first","8":"instock","9":"shipping-taxable","10":"product-type-simple"},"_links":{"self":[{"href":"https:\/\/uj.adatbank.ro\/lexikon\/wp-json\/wp\/v2\/product\/22409","targetHints":{"allow":["GET"]}}],"collection":[{"href":"https:\/\/uj.adatbank.ro\/lexikon\/wp-json\/wp\/v2\/product"}],"about":[{"href":"https:\/\/uj.adatbank.ro\/lexikon\/wp-json\/wp\/v2\/types\/product"}],"replies":[{"embeddable":true,"href":"https:\/\/uj.adatbank.ro\/lexikon\/wp-json\/wp\/v2\/comments?post=22409"}],"wp:attachment":[{"href":"https:\/\/uj.adatbank.ro\/lexikon\/wp-json\/wp\/v2\/media?parent=22409"}],"wp:term":[{"taxonomy":"product_brand","embeddable":true,"href":"https:\/\/uj.adatbank.ro\/lexikon\/wp-json\/wp\/v2\/product_brand?post=22409"},{"taxonomy":"product_cat","embeddable":true,"href":"https:\/\/uj.adatbank.ro\/lexikon\/wp-json\/wp\/v2\/product_cat?post=22409"},{"taxonomy":"product_tag","embeddable":true,"href":"https:\/\/uj.adatbank.ro\/lexikon\/wp-json\/wp\/v2\/product_tag?post=22409"}],"curies":[{"name":"wp","href":"https:\/\/api.w.org\/{rel}","templated":true}]}}