{"id":22416,"date":"2025-07-22T20:00:21","date_gmt":"2025-07-22T18:00:21","guid":{"rendered":"https:\/\/uj.adatbank.ro\/lexikon\/termek\/szocs-janos-2\/"},"modified":"2025-07-22T20:00:21","modified_gmt":"2025-07-22T18:00:21","slug":"szocs-janos-2","status":"publish","type":"product","link":"https:\/\/uj.adatbank.ro\/lexikon\/termek\/szocs-janos-2\/","title":{"rendered":"SZ\u0150CS J\u00e1nos"},"content":{"rendered":"<p>Mv., 1891., \u2020\u00a0Mv., 1977.: m\u00e9sz\u00e1ros. \u2013 Feles\u00e9ge: Kov\u00e1cs Berta (1897\u20131954). Iskol\u00e1i elv\u00e9gz\u00e9se ut\u00e1n a m\u00e9sz\u00e1ros mesters\u00e9get tanulta, \u00f6n\u00e1ll\u00f3 lett Mv.-en (1912). Az els\u0151 vh.-ban a 22. gy. e.-ben szolg\u00e1lt. <br \/><strong>Irod.:<\/strong> Sz\u00e9kelyf\u00f6ld \u00ed. k.<\/br><\/p>\n","protected":false},"excerpt":{"rendered":"<p>Mv., 1891., \u2020\u00a0Mv., 1977.: m\u00e9sz\u00e1ros. \u2013 Feles\u00e9ge: Kov\u00e1cs Berta (1897\u20131954). Iskol\u00e1i elv\u00e9gz\u00e9se ut\u00e1n a m\u00e9sz\u00e1ros mesters\u00e9get tanulta, \u00f6n\u00e1ll\u00f3 lett Mv.-en (1912). Az els\u0151 vh.-ban a 22. gy. e.-ben szolg\u00e1lt. Irod.: Sz\u00e9kelyf\u00f6ld \u00ed. k.<\/p>\n","protected":false},"featured_media":0,"comment_status":"open","ping_status":"closed","template":"","meta":[],"product_brand":[],"product_cat":[137],"product_tag":[],"class_list":{"0":"post-22416","1":"product","2":"type-product","3":"status-publish","5":"product_cat-maros-megyei-eletrajzi-lexikon","7":"first","8":"instock","9":"shipping-taxable","10":"product-type-simple"},"_links":{"self":[{"href":"https:\/\/uj.adatbank.ro\/lexikon\/wp-json\/wp\/v2\/product\/22416","targetHints":{"allow":["GET"]}}],"collection":[{"href":"https:\/\/uj.adatbank.ro\/lexikon\/wp-json\/wp\/v2\/product"}],"about":[{"href":"https:\/\/uj.adatbank.ro\/lexikon\/wp-json\/wp\/v2\/types\/product"}],"replies":[{"embeddable":true,"href":"https:\/\/uj.adatbank.ro\/lexikon\/wp-json\/wp\/v2\/comments?post=22416"}],"wp:attachment":[{"href":"https:\/\/uj.adatbank.ro\/lexikon\/wp-json\/wp\/v2\/media?parent=22416"}],"wp:term":[{"taxonomy":"product_brand","embeddable":true,"href":"https:\/\/uj.adatbank.ro\/lexikon\/wp-json\/wp\/v2\/product_brand?post=22416"},{"taxonomy":"product_cat","embeddable":true,"href":"https:\/\/uj.adatbank.ro\/lexikon\/wp-json\/wp\/v2\/product_cat?post=22416"},{"taxonomy":"product_tag","embeddable":true,"href":"https:\/\/uj.adatbank.ro\/lexikon\/wp-json\/wp\/v2\/product_tag?post=22416"}],"curies":[{"name":"wp","href":"https:\/\/api.w.org\/{rel}","templated":true}]}}