{"id":22417,"date":"2025-07-22T20:00:23","date_gmt":"2025-07-22T18:00:23","guid":{"rendered":"https:\/\/uj.adatbank.ro\/lexikon\/termek\/szocs-jozefa-kali-jozefina\/"},"modified":"2025-07-22T20:00:23","modified_gmt":"2025-07-22T18:00:23","slug":"szocs-jozefa-kali-jozefina","status":"publish","type":"product","link":"https:\/\/uj.adatbank.ro\/lexikon\/termek\/szocs-jozefa-kali-jozefina\/","title":{"rendered":"SZ\u0150CS Jozefa; Kali Jozefina"},"content":{"rendered":"<p>1927. m\u00e1rc. 3., \u2020?: k\u00e9mikus, toxikol\u00f3gus. \u2013 \u00c9retts\u00e9gizett Mv. (1945), Kv.-on a BTE-n k\u00e9mikus-toxikol\u00f3gus okl. szerzett (1949). K\u00f6z\u00e9piskolai tan\u00e1r Mv.-en (1949\u201355); adjunktus a MOGYI Toxikol\u00f3giai Tansz\u00e9k\u00e9n (1955\u201380). Kutat\u00e1si ter\u00fclete: gy\u00f3gyszertoxikol\u00f3gia, \u00e9s a mez\u0151gazdas\u00e1gban haszn\u00e1lt vegyszerek toxikol\u00f3gi\u00e1ja. K\u00f6z\u00f6lt a: Revista Medical\u0103-ban. \u2013 <strong>F. m.<\/strong>: <strong>t\u00e1rssz.:<\/strong> Toxikol\u00f3giai gyakorlatok (Balogh \u00c9v\u00e1val, Mv., 1961.); Toxicologie. (Buc., 1978.); \u00cendrum\u0103tor de lucr\u0103ri practice de toxicologie. Vol. 1. (Kincses-Ajtai M.-val, TgM., 1982.). <br \/><strong>Irod.:<\/strong> KKACs; P\u00e9ter; Todea.<\/br><\/p>\n","protected":false},"excerpt":{"rendered":"<p>1927. m\u00e1rc. 3., \u2020?: k\u00e9mikus, toxikol\u00f3gus. \u2013 \u00c9retts\u00e9gizett Mv. (1945), Kv.-on a BTE-n k\u00e9mikus-toxikol\u00f3gus okl. szerzett (1949). K\u00f6z\u00e9piskolai tan\u00e1r Mv.-en (1949\u201355); adjunktus a MOGYI Toxikol\u00f3giai Tansz\u00e9k\u00e9n (1955\u201380). Kutat\u00e1si ter\u00fclete: gy\u00f3gyszertoxikol\u00f3gia, \u00e9s a mez\u0151gazdas\u00e1gban haszn\u00e1lt vegyszerek toxikol\u00f3gi\u00e1ja. K\u00f6z\u00f6lt a: Revista Medical\u0103-ban. \u2013 F. m.: t\u00e1rssz.: Toxikol\u00f3giai gyakorlatok (Balogh \u00c9v\u00e1val, Mv., 1961.); Toxicologie. (Buc., 1978.); \u00cendrum\u0103tor de [&hellip;]<\/p>\n","protected":false},"featured_media":0,"comment_status":"open","ping_status":"closed","template":"","meta":[],"product_brand":[],"product_cat":[137],"product_tag":[],"class_list":{"0":"post-22417","1":"product","2":"type-product","3":"status-publish","5":"product_cat-maros-megyei-eletrajzi-lexikon","7":"first","8":"instock","9":"shipping-taxable","10":"product-type-simple"},"_links":{"self":[{"href":"https:\/\/uj.adatbank.ro\/lexikon\/wp-json\/wp\/v2\/product\/22417","targetHints":{"allow":["GET"]}}],"collection":[{"href":"https:\/\/uj.adatbank.ro\/lexikon\/wp-json\/wp\/v2\/product"}],"about":[{"href":"https:\/\/uj.adatbank.ro\/lexikon\/wp-json\/wp\/v2\/types\/product"}],"replies":[{"embeddable":true,"href":"https:\/\/uj.adatbank.ro\/lexikon\/wp-json\/wp\/v2\/comments?post=22417"}],"wp:attachment":[{"href":"https:\/\/uj.adatbank.ro\/lexikon\/wp-json\/wp\/v2\/media?parent=22417"}],"wp:term":[{"taxonomy":"product_brand","embeddable":true,"href":"https:\/\/uj.adatbank.ro\/lexikon\/wp-json\/wp\/v2\/product_brand?post=22417"},{"taxonomy":"product_cat","embeddable":true,"href":"https:\/\/uj.adatbank.ro\/lexikon\/wp-json\/wp\/v2\/product_cat?post=22417"},{"taxonomy":"product_tag","embeddable":true,"href":"https:\/\/uj.adatbank.ro\/lexikon\/wp-json\/wp\/v2\/product_tag?post=22417"}],"curies":[{"name":"wp","href":"https:\/\/api.w.org\/{rel}","templated":true}]}}