{"id":22419,"date":"2025-07-22T20:00:28","date_gmt":"2025-07-22T18:00:28","guid":{"rendered":"https:\/\/uj.adatbank.ro\/lexikon\/termek\/szocs-jozsef-2\/"},"modified":"2025-07-22T20:00:28","modified_gmt":"2025-07-22T18:00:28","slug":"szocs-jozsef-2","status":"publish","type":"product","link":"https:\/\/uj.adatbank.ro\/lexikon\/termek\/szocs-jozsef-2\/","title":{"rendered":"SZ\u0150CS J\u00f3zsef"},"content":{"rendered":"<p>Mv., 1906., \u2020\u00a0Mv., 1987. aug. 14.: k\u00e1rpitos, munk\u00e1smozgalmi harcos. \u2013 A RKP tagja volt (1930\u2013), az illegalit\u00e1sban t\u00f6bbsz\u00f6r letart\u00f3ztatt\u00e1k. <br \/><strong>Irod.:<\/strong> [Nekrol\u00f3g] (V. Z., 1987. aug. 15.; aug. 16.).<\/br><\/p>\n","protected":false},"excerpt":{"rendered":"<p>Mv., 1906., \u2020\u00a0Mv., 1987. aug. 14.: k\u00e1rpitos, munk\u00e1smozgalmi harcos. \u2013 A RKP tagja volt (1930\u2013), az illegalit\u00e1sban t\u00f6bbsz\u00f6r letart\u00f3ztatt\u00e1k. Irod.: [Nekrol\u00f3g] (V. Z., 1987. aug. 15.; aug. 16.).<\/p>\n","protected":false},"featured_media":0,"comment_status":"open","ping_status":"closed","template":"","meta":[],"product_brand":[],"product_cat":[137],"product_tag":[],"class_list":{"0":"post-22419","1":"product","2":"type-product","3":"status-publish","5":"product_cat-maros-megyei-eletrajzi-lexikon","7":"first","8":"instock","9":"shipping-taxable","10":"product-type-simple"},"_links":{"self":[{"href":"https:\/\/uj.adatbank.ro\/lexikon\/wp-json\/wp\/v2\/product\/22419","targetHints":{"allow":["GET"]}}],"collection":[{"href":"https:\/\/uj.adatbank.ro\/lexikon\/wp-json\/wp\/v2\/product"}],"about":[{"href":"https:\/\/uj.adatbank.ro\/lexikon\/wp-json\/wp\/v2\/types\/product"}],"replies":[{"embeddable":true,"href":"https:\/\/uj.adatbank.ro\/lexikon\/wp-json\/wp\/v2\/comments?post=22419"}],"wp:attachment":[{"href":"https:\/\/uj.adatbank.ro\/lexikon\/wp-json\/wp\/v2\/media?parent=22419"}],"wp:term":[{"taxonomy":"product_brand","embeddable":true,"href":"https:\/\/uj.adatbank.ro\/lexikon\/wp-json\/wp\/v2\/product_brand?post=22419"},{"taxonomy":"product_cat","embeddable":true,"href":"https:\/\/uj.adatbank.ro\/lexikon\/wp-json\/wp\/v2\/product_cat?post=22419"},{"taxonomy":"product_tag","embeddable":true,"href":"https:\/\/uj.adatbank.ro\/lexikon\/wp-json\/wp\/v2\/product_tag?post=22419"}],"curies":[{"name":"wp","href":"https:\/\/api.w.org\/{rel}","templated":true}]}}