{"id":22420,"date":"2025-07-22T20:00:30","date_gmt":"2025-07-22T18:00:30","guid":{"rendered":"https:\/\/uj.adatbank.ro\/lexikon\/termek\/szocs-jozsef-3\/"},"modified":"2025-07-22T20:00:30","modified_gmt":"2025-07-22T18:00:30","slug":"szocs-jozsef-3","status":"publish","type":"product","link":"https:\/\/uj.adatbank.ro\/lexikon\/termek\/szocs-jozsef-3\/","title":{"rendered":"SZ\u0150CS J\u00f3zsef"},"content":{"rendered":"<p>Mv., 1913.\u2020\u00a0Mv., 1964. : orvos. \u2013 Tagja a mv.-i orvosi kamar\u00e1nak. A h\u00e1bor\u00fa ut\u00e1n Marosludason gy\u00f3gy\u00edtott. <br \/><strong>Irod.:<\/strong> Kiss-P. \u2013 P.<\/br><\/p>\n","protected":false},"excerpt":{"rendered":"<p>Mv., 1913.\u2020\u00a0Mv., 1964. : orvos. \u2013 Tagja a mv.-i orvosi kamar\u00e1nak. A h\u00e1bor\u00fa ut\u00e1n Marosludason gy\u00f3gy\u00edtott. Irod.: Kiss-P. \u2013 P.<\/p>\n","protected":false},"featured_media":0,"comment_status":"open","ping_status":"closed","template":"","meta":[],"product_brand":[],"product_cat":[137],"product_tag":[],"class_list":{"0":"post-22420","1":"product","2":"type-product","3":"status-publish","5":"product_cat-maros-megyei-eletrajzi-lexikon","7":"first","8":"instock","9":"shipping-taxable","10":"product-type-simple"},"_links":{"self":[{"href":"https:\/\/uj.adatbank.ro\/lexikon\/wp-json\/wp\/v2\/product\/22420","targetHints":{"allow":["GET"]}}],"collection":[{"href":"https:\/\/uj.adatbank.ro\/lexikon\/wp-json\/wp\/v2\/product"}],"about":[{"href":"https:\/\/uj.adatbank.ro\/lexikon\/wp-json\/wp\/v2\/types\/product"}],"replies":[{"embeddable":true,"href":"https:\/\/uj.adatbank.ro\/lexikon\/wp-json\/wp\/v2\/comments?post=22420"}],"wp:attachment":[{"href":"https:\/\/uj.adatbank.ro\/lexikon\/wp-json\/wp\/v2\/media?parent=22420"}],"wp:term":[{"taxonomy":"product_brand","embeddable":true,"href":"https:\/\/uj.adatbank.ro\/lexikon\/wp-json\/wp\/v2\/product_brand?post=22420"},{"taxonomy":"product_cat","embeddable":true,"href":"https:\/\/uj.adatbank.ro\/lexikon\/wp-json\/wp\/v2\/product_cat?post=22420"},{"taxonomy":"product_tag","embeddable":true,"href":"https:\/\/uj.adatbank.ro\/lexikon\/wp-json\/wp\/v2\/product_tag?post=22420"}],"curies":[{"name":"wp","href":"https:\/\/api.w.org\/{rel}","templated":true}]}}