{"id":22421,"date":"2025-07-22T20:00:31","date_gmt":"2025-07-22T18:00:31","guid":{"rendered":"https:\/\/uj.adatbank.ro\/lexikon\/termek\/szocs-jozsef-4\/"},"modified":"2025-07-22T20:00:31","modified_gmt":"2025-07-22T18:00:31","slug":"szocs-jozsef-4","status":"publish","type":"product","link":"https:\/\/uj.adatbank.ro\/lexikon\/termek\/szocs-jozsef-4\/","title":{"rendered":"SZ\u0150CS J\u00f3zsef"},"content":{"rendered":"<p>Sz\u00e1szr\u00e9gen, 1934. szept. 15., \u2020?: g\u00e9plakatos. \u2013 Letart\u00f3ztatt\u00e1k (1960. aug. 17.) \u00e9s a MAT Katonai \u00dcgy\u00e9szs\u00e9ge a t\u00e1rsadalmi rend elleni t\u00e9nyked\u00e9s, tiltott t\u0171zfegyver \u00e9s sz\u00far\u00f3fegyverek tart\u00e1sa, k\u00f6zvagyon meglop\u00e1sa, illeg\u00e1lis hat\u00e1r\u00e1tl\u00e9p\u00e9sre val\u00f3 k\u00e9sz\u00fcl\u00e9s v\u00e1dj\u00e1val \u00e1ll\u00edtotta b\u00edr\u00f3s\u00e1g el\u00e9. Meghalt. <br \/><strong>Irod.:<\/strong> 1956 Erd\u00e9lyben.<\/br><\/p>\n","protected":false},"excerpt":{"rendered":"<p>Sz\u00e1szr\u00e9gen, 1934. szept. 15., \u2020?: g\u00e9plakatos. \u2013 Letart\u00f3ztatt\u00e1k (1960. aug. 17.) \u00e9s a MAT Katonai \u00dcgy\u00e9szs\u00e9ge a t\u00e1rsadalmi rend elleni t\u00e9nyked\u00e9s, tiltott t\u0171zfegyver \u00e9s sz\u00far\u00f3fegyverek tart\u00e1sa, k\u00f6zvagyon meglop\u00e1sa, illeg\u00e1lis hat\u00e1r\u00e1tl\u00e9p\u00e9sre val\u00f3 k\u00e9sz\u00fcl\u00e9s v\u00e1dj\u00e1val \u00e1ll\u00edtotta b\u00edr\u00f3s\u00e1g el\u00e9. Meghalt. Irod.: 1956 Erd\u00e9lyben.<\/p>\n","protected":false},"featured_media":0,"comment_status":"open","ping_status":"closed","template":"","meta":[],"product_brand":[],"product_cat":[137],"product_tag":[],"class_list":{"0":"post-22421","1":"product","2":"type-product","3":"status-publish","5":"product_cat-maros-megyei-eletrajzi-lexikon","7":"first","8":"instock","9":"shipping-taxable","10":"product-type-simple"},"_links":{"self":[{"href":"https:\/\/uj.adatbank.ro\/lexikon\/wp-json\/wp\/v2\/product\/22421","targetHints":{"allow":["GET"]}}],"collection":[{"href":"https:\/\/uj.adatbank.ro\/lexikon\/wp-json\/wp\/v2\/product"}],"about":[{"href":"https:\/\/uj.adatbank.ro\/lexikon\/wp-json\/wp\/v2\/types\/product"}],"replies":[{"embeddable":true,"href":"https:\/\/uj.adatbank.ro\/lexikon\/wp-json\/wp\/v2\/comments?post=22421"}],"wp:attachment":[{"href":"https:\/\/uj.adatbank.ro\/lexikon\/wp-json\/wp\/v2\/media?parent=22421"}],"wp:term":[{"taxonomy":"product_brand","embeddable":true,"href":"https:\/\/uj.adatbank.ro\/lexikon\/wp-json\/wp\/v2\/product_brand?post=22421"},{"taxonomy":"product_cat","embeddable":true,"href":"https:\/\/uj.adatbank.ro\/lexikon\/wp-json\/wp\/v2\/product_cat?post=22421"},{"taxonomy":"product_tag","embeddable":true,"href":"https:\/\/uj.adatbank.ro\/lexikon\/wp-json\/wp\/v2\/product_tag?post=22421"}],"curies":[{"name":"wp","href":"https:\/\/api.w.org\/{rel}","templated":true}]}}