{"id":22424,"date":"2025-07-22T20:00:39","date_gmt":"2025-07-22T18:00:39","guid":{"rendered":"https:\/\/uj.adatbank.ro\/lexikon\/termek\/szocs-karoly\/"},"modified":"2025-07-22T20:00:39","modified_gmt":"2025-07-22T18:00:39","slug":"szocs-karoly","status":"publish","type":"product","link":"https:\/\/uj.adatbank.ro\/lexikon\/termek\/szocs-karoly\/","title":{"rendered":"SZ\u0150CS K\u00e1roly"},"content":{"rendered":"<p>?\u2020?: tan\u00edt\u00f3. \u2013 Szov\u00e1t\u00e1ra nevezt\u00e9k ki tan\u00edt\u00f3nak (1941\u2013). <br \/><strong>Irod.:<\/strong> Szov\u00e1ta.<\/br><\/p>\n","protected":false},"excerpt":{"rendered":"<p>?\u2020?: tan\u00edt\u00f3. \u2013 Szov\u00e1t\u00e1ra nevezt\u00e9k ki tan\u00edt\u00f3nak (1941\u2013). Irod.: Szov\u00e1ta.<\/p>\n","protected":false},"featured_media":0,"comment_status":"open","ping_status":"closed","template":"","meta":[],"product_brand":[],"product_cat":[137],"product_tag":[],"class_list":{"0":"post-22424","1":"product","2":"type-product","3":"status-publish","5":"product_cat-maros-megyei-eletrajzi-lexikon","7":"first","8":"instock","9":"shipping-taxable","10":"product-type-simple"},"_links":{"self":[{"href":"https:\/\/uj.adatbank.ro\/lexikon\/wp-json\/wp\/v2\/product\/22424","targetHints":{"allow":["GET"]}}],"collection":[{"href":"https:\/\/uj.adatbank.ro\/lexikon\/wp-json\/wp\/v2\/product"}],"about":[{"href":"https:\/\/uj.adatbank.ro\/lexikon\/wp-json\/wp\/v2\/types\/product"}],"replies":[{"embeddable":true,"href":"https:\/\/uj.adatbank.ro\/lexikon\/wp-json\/wp\/v2\/comments?post=22424"}],"wp:attachment":[{"href":"https:\/\/uj.adatbank.ro\/lexikon\/wp-json\/wp\/v2\/media?parent=22424"}],"wp:term":[{"taxonomy":"product_brand","embeddable":true,"href":"https:\/\/uj.adatbank.ro\/lexikon\/wp-json\/wp\/v2\/product_brand?post=22424"},{"taxonomy":"product_cat","embeddable":true,"href":"https:\/\/uj.adatbank.ro\/lexikon\/wp-json\/wp\/v2\/product_cat?post=22424"},{"taxonomy":"product_tag","embeddable":true,"href":"https:\/\/uj.adatbank.ro\/lexikon\/wp-json\/wp\/v2\/product_tag?post=22424"}],"curies":[{"name":"wp","href":"https:\/\/api.w.org\/{rel}","templated":true}]}}